{"id":7161,"date":"2025-01-31T08:31:49","date_gmt":"2025-01-31T07:31:49","guid":{"rendered":"https:\/\/divainers.com\/producto\/divain-318\/"},"modified":"2026-04-30T09:43:43","modified_gmt":"2026-04-30T07:43:43","slug":"divain-318","status":"publish","type":"product","link":"https:\/\/divainers.com\/ro\/producto\/divain-318\/","title":{"rendered":"divain.318"},"content":{"rendered":"<p>O arom\u0103 intens\u0103 \u0219i sofisticat\u0103 care combin\u0103 profunzimea oud-ului cu elegan\u021ba citricelor italiene. Deschiderea sa proasp\u0103t\u0103 \u0219i luminoas\u0103 las\u0103 loc unui inima condimentat\u0103 \u0219i lemnoas\u0103, unde oud-ul se \u00eemplete\u0219te cu note balsamice \u0219i calde. Baza este bogat\u0103 \u0219i \u00eenv\u0103luitoare, cu accente de piele \u0219i r\u0103\u0219ini ce ofer\u0103 o senza\u021bie de lux rafinat. Perfect\u0103 pentru cei care caut\u0103 un parfum distinctiv, cu caracter \u0219i sofisticare.<\/p>\n","protected":false},"excerpt":{"rendered":"<p>Aduce aminte de Oud Eau de Cologne Concentr\u00e9e de Acqua di Parma<\/p>\n","protected":false},"featured_media":7163,"comment_status":"open","ping_status":"closed","template":"","meta":[],"product_brand":[],"product_cat":[1380],"product_tag":[1369],"class_list":{"0":"post-7161","1":"product","2":"type-product","3":"status-publish","4":"has-post-thumbnail","6":"product_cat-acqua-di-parma","7":"product_tag-barbati","9":"first","10":"instock","11":"shipping-taxable","12":"product-type-simple"},"_links":{"self":[{"href":"https:\/\/divainers.com\/ro\/wp-json\/wp\/v2\/product\/7161","targetHints":{"allow":["GET"]}}],"collection":[{"href":"https:\/\/divainers.com\/ro\/wp-json\/wp\/v2\/product"}],"about":[{"href":"https:\/\/divainers.com\/ro\/wp-json\/wp\/v2\/types\/product"}],"replies":[{"embeddable":true,"href":"https:\/\/divainers.com\/ro\/wp-json\/wp\/v2\/comments?post=7161"}],"wp:featuredmedia":[{"embeddable":true,"href":"https:\/\/divainers.com\/ro\/wp-json\/wp\/v2\/media\/7163"}],"wp:attachment":[{"href":"https:\/\/divainers.com\/ro\/wp-json\/wp\/v2\/media?parent=7161"}],"wp:term":[{"taxonomy":"product_brand","embeddable":true,"href":"https:\/\/divainers.com\/ro\/wp-json\/wp\/v2\/product_brand?post=7161"},{"taxonomy":"product_cat","embeddable":true,"href":"https:\/\/divainers.com\/ro\/wp-json\/wp\/v2\/product_cat?post=7161"},{"taxonomy":"product_tag","embeddable":true,"href":"https:\/\/divainers.com\/ro\/wp-json\/wp\/v2\/product_tag?post=7161"}],"curies":[{"name":"wp","href":"https:\/\/api.w.org\/{rel}","templated":true}]}}