{"id":7265,"date":"2025-01-31T08:31:49","date_gmt":"2025-01-31T07:31:49","guid":{"rendered":"https:\/\/divainers.com\/producto\/divain-281\/"},"modified":"2026-04-30T09:44:10","modified_gmt":"2026-04-30T07:44:10","slug":"divain-281","status":"publish","type":"product","link":"https:\/\/divainers.com\/ro\/producto\/divain-281\/","title":{"rendered":"divain.281"},"content":{"rendered":"<p>Este o parfumare profund\u0103 \u0219i sofisticat\u0103, care se remarc\u0103 prin prezen\u021ba intens\u0103 a oud-ului, o r\u0103\u0219in\u0103 pre\u021bioas\u0103 cunoscut\u0103 pentru aroma sa cald\u0103, p\u0103m\u00e2nteasc\u0103 \u0219i lemnoas\u0103. Parfumul se deschide cu note proaspete \u0219i condimentate, completate de caracterul puternic al oud-ului, care se \u00eemplete\u0219te cu o not\u0103 de trandafir \u0219i floare de \u0219ofran \u00een inim\u0103. La baz\u0103, se reg\u0103sesc note de piele, lemn de cedru \u0219i mosc, oferindu-i o funda\u021bie cald\u0103 \u0219i \u00eenv\u0103luitoare. Este un parfum care evoc\u0103 lux, elegan\u021b\u0103 \u0219i exclusivitate, ideal pentru ocazii speciale \u0219i pentru cei care caut\u0103 o arom\u0103 distinctiv\u0103 \u0219i de durat\u0103.<\/p>\n","protected":false},"excerpt":{"rendered":"<p>Aduce aminte de Oud de la Acqua di Parma<\/p>\n","protected":false},"featured_media":7266,"comment_status":"open","ping_status":"closed","template":"","meta":[],"product_brand":[],"product_cat":[1380],"product_tag":[1369],"class_list":{"0":"post-7265","1":"product","2":"type-product","3":"status-publish","4":"has-post-thumbnail","6":"product_cat-acqua-di-parma","7":"product_tag-barbati","9":"first","10":"instock","11":"shipping-taxable","12":"product-type-simple"},"_links":{"self":[{"href":"https:\/\/divainers.com\/ro\/wp-json\/wp\/v2\/product\/7265","targetHints":{"allow":["GET"]}}],"collection":[{"href":"https:\/\/divainers.com\/ro\/wp-json\/wp\/v2\/product"}],"about":[{"href":"https:\/\/divainers.com\/ro\/wp-json\/wp\/v2\/types\/product"}],"replies":[{"embeddable":true,"href":"https:\/\/divainers.com\/ro\/wp-json\/wp\/v2\/comments?post=7265"}],"wp:featuredmedia":[{"embeddable":true,"href":"https:\/\/divainers.com\/ro\/wp-json\/wp\/v2\/media\/7266"}],"wp:attachment":[{"href":"https:\/\/divainers.com\/ro\/wp-json\/wp\/v2\/media?parent=7265"}],"wp:term":[{"taxonomy":"product_brand","embeddable":true,"href":"https:\/\/divainers.com\/ro\/wp-json\/wp\/v2\/product_brand?post=7265"},{"taxonomy":"product_cat","embeddable":true,"href":"https:\/\/divainers.com\/ro\/wp-json\/wp\/v2\/product_cat?post=7265"},{"taxonomy":"product_tag","embeddable":true,"href":"https:\/\/divainers.com\/ro\/wp-json\/wp\/v2\/product_tag?post=7265"}],"curies":[{"name":"wp","href":"https:\/\/api.w.org\/{rel}","templated":true}]}}