{"id":7345,"date":"2025-01-31T08:31:50","date_gmt":"2025-01-31T07:31:50","guid":{"rendered":"https:\/\/divainers.com\/producto\/divain-086\/"},"modified":"2026-04-30T09:44:45","modified_gmt":"2026-04-30T07:44:45","slug":"divain-086","status":"publish","type":"product","link":"https:\/\/divainers.com\/ro\/producto\/divain-086\/","title":{"rendered":"divain.086"},"content":{"rendered":"<p>Un parfum delicat \u0219i atemporal care surprinde prospe\u021bimea \u0219i elegan\u021ba natural\u0103 a trandafirilor \u00een cea mai pur\u0103 expresie a lor. Deschiderea luminoas\u0103 de citrice \u0219i frunze verzi aduce o senza\u021bie revigorant\u0103 \u0219i u\u0219oar\u0103. \u00cen inima parfumului, trandafirul bulg\u0103resc \u0219i ghiocelul \u00eenv\u0103luie aroma \u00eentr-o feminitate pur\u0103 \u0219i sofisticat\u0103. La baz\u0103, mosc \u0219i lemnul de santal creeaz\u0103 o urm\u0103 moale \u0219i \u00eenv\u0103luitoare, perfect\u0103 pentru femeia romantic\u0103, senin\u0103, cu un farmec natural care las\u0103 o impresie de durat\u0103.<\/p>\n","protected":false},"excerpt":{"rendered":"<p>Aduce aminte de Agua fresca de rosas de Adolfo Dominguez<\/p>\n","protected":false},"featured_media":7348,"comment_status":"open","ping_status":"closed","template":"","meta":[],"product_brand":[],"product_cat":[1449],"product_tag":[1450],"class_list":{"0":"post-7345","1":"product","2":"type-product","3":"status-publish","4":"has-post-thumbnail","6":"product_cat-adolfo-dominguez","7":"product_tag-femei","9":"first","10":"instock","11":"shipping-taxable","12":"product-type-simple"},"_links":{"self":[{"href":"https:\/\/divainers.com\/ro\/wp-json\/wp\/v2\/product\/7345","targetHints":{"allow":["GET"]}}],"collection":[{"href":"https:\/\/divainers.com\/ro\/wp-json\/wp\/v2\/product"}],"about":[{"href":"https:\/\/divainers.com\/ro\/wp-json\/wp\/v2\/types\/product"}],"replies":[{"embeddable":true,"href":"https:\/\/divainers.com\/ro\/wp-json\/wp\/v2\/comments?post=7345"}],"wp:featuredmedia":[{"embeddable":true,"href":"https:\/\/divainers.com\/ro\/wp-json\/wp\/v2\/media\/7348"}],"wp:attachment":[{"href":"https:\/\/divainers.com\/ro\/wp-json\/wp\/v2\/media?parent=7345"}],"wp:term":[{"taxonomy":"product_brand","embeddable":true,"href":"https:\/\/divainers.com\/ro\/wp-json\/wp\/v2\/product_brand?post=7345"},{"taxonomy":"product_cat","embeddable":true,"href":"https:\/\/divainers.com\/ro\/wp-json\/wp\/v2\/product_cat?post=7345"},{"taxonomy":"product_tag","embeddable":true,"href":"https:\/\/divainers.com\/ro\/wp-json\/wp\/v2\/product_tag?post=7345"}],"curies":[{"name":"wp","href":"https:\/\/api.w.org\/{rel}","templated":true}]}}