{"id":7368,"date":"2025-01-31T08:31:50","date_gmt":"2025-01-31T07:31:50","guid":{"rendered":"https:\/\/divainers.com\/producto\/divain-049\/"},"modified":"2026-04-30T09:44:53","modified_gmt":"2026-04-30T07:44:53","slug":"divain-049","status":"publish","type":"product","link":"https:\/\/divainers.com\/ro\/producto\/divain-049\/","title":{"rendered":"divain.049"},"content":{"rendered":"<p>Un parfum proasp\u0103t \u0219i natural care evoc\u0103 senin\u0103tatea \u0219i echilibrul naturii. Deschiderea sa vibrant\u0103 de citrice \u0219i note verzi transmite o senza\u021bie u\u0219oar\u0103 \u0219i revitalizant\u0103, \u00een timp ce o inim\u0103 aromatic\u0103 de bambus \u0219i condimente delicate adaug\u0103 o not\u0103 exotic\u0103 \u0219i sofisticat\u0103. La baz\u0103, cedrul, chihlimbarul \u0219i moscusul creeaz\u0103 o urm\u0103 cald\u0103 \u0219i \u00eenv\u0103luitoare, perfect\u0103 pentru b\u0103rbatul care caut\u0103 prospe\u021bime, elegan\u021b\u0103 \u0219i armonie \u00een via\u021ba de zi cu zi.<\/p>\n","protected":false},"excerpt":{"rendered":"<p>Aminte\u0219te de Bamb\u00fa de Adolfo Dominguez<\/p>\n","protected":false},"featured_media":7369,"comment_status":"open","ping_status":"closed","template":"","meta":[],"product_brand":[],"product_cat":[1449],"product_tag":[1369],"class_list":{"0":"post-7368","1":"product","2":"type-product","3":"status-publish","4":"has-post-thumbnail","6":"product_cat-adolfo-dominguez","7":"product_tag-barbati","9":"first","10":"instock","11":"shipping-taxable","12":"product-type-simple"},"_links":{"self":[{"href":"https:\/\/divainers.com\/ro\/wp-json\/wp\/v2\/product\/7368","targetHints":{"allow":["GET"]}}],"collection":[{"href":"https:\/\/divainers.com\/ro\/wp-json\/wp\/v2\/product"}],"about":[{"href":"https:\/\/divainers.com\/ro\/wp-json\/wp\/v2\/types\/product"}],"replies":[{"embeddable":true,"href":"https:\/\/divainers.com\/ro\/wp-json\/wp\/v2\/comments?post=7368"}],"wp:featuredmedia":[{"embeddable":true,"href":"https:\/\/divainers.com\/ro\/wp-json\/wp\/v2\/media\/7369"}],"wp:attachment":[{"href":"https:\/\/divainers.com\/ro\/wp-json\/wp\/v2\/media?parent=7368"}],"wp:term":[{"taxonomy":"product_brand","embeddable":true,"href":"https:\/\/divainers.com\/ro\/wp-json\/wp\/v2\/product_brand?post=7368"},{"taxonomy":"product_cat","embeddable":true,"href":"https:\/\/divainers.com\/ro\/wp-json\/wp\/v2\/product_cat?post=7368"},{"taxonomy":"product_tag","embeddable":true,"href":"https:\/\/divainers.com\/ro\/wp-json\/wp\/v2\/product_tag?post=7368"}],"curies":[{"name":"wp","href":"https:\/\/api.w.org\/{rel}","templated":true}]}}