{"id":7389,"date":"2025-01-31T08:31:50","date_gmt":"2025-01-31T07:31:50","guid":{"rendered":"https:\/\/divainers.com\/producto\/divain-031\/"},"modified":"2026-04-30T09:45:06","modified_gmt":"2026-04-30T07:45:06","slug":"divain-031","status":"publish","type":"product","link":"https:\/\/divainers.com\/ro\/producto\/divain-031\/","title":{"rendered":"divain.031"},"content":{"rendered":"<p>Un parfum natural \u0219i revitalizant care evoc\u0103 prospe\u021bimea naturii \u00een cea mai pur\u0103 form\u0103. Notele de v\u00e2rf citrice de bergamot\u0103 \u0219i mandarin\u0103 se \u00eembin\u0103 cu o inim\u0103 aromatic\u0103 de rozmarin, lavand\u0103 \u0219i coriandru, cre\u00e2nd o senza\u021bie curat\u0103 \u0219i energizant\u0103. La baz\u0103, mu\u0219chiul de stejar, vetiverul \u0219i lemnul de santal adaug\u0103 profunzime \u0219i elegan\u021b\u0103, l\u0103s\u00e2nd o urm\u0103 u\u0219oar\u0103, dar sofisticat\u0103. Perfect pentru cei care caut\u0103 o arom\u0103 proasp\u0103t\u0103, echilibrat\u0103 \u0219i atemporal\u0103.<\/p>\n","protected":false},"excerpt":{"rendered":"<p>Aminte\u0219te de Agua Fresca de Adolfo Dominguez<\/p>\n","protected":false},"featured_media":7390,"comment_status":"open","ping_status":"closed","template":"","meta":[],"product_brand":[],"product_cat":[1449],"product_tag":[1369],"class_list":{"0":"post-7389","1":"product","2":"type-product","3":"status-publish","4":"has-post-thumbnail","6":"product_cat-adolfo-dominguez","7":"product_tag-barbati","9":"first","10":"instock","11":"shipping-taxable","12":"product-type-simple"},"_links":{"self":[{"href":"https:\/\/divainers.com\/ro\/wp-json\/wp\/v2\/product\/7389","targetHints":{"allow":["GET"]}}],"collection":[{"href":"https:\/\/divainers.com\/ro\/wp-json\/wp\/v2\/product"}],"about":[{"href":"https:\/\/divainers.com\/ro\/wp-json\/wp\/v2\/types\/product"}],"replies":[{"embeddable":true,"href":"https:\/\/divainers.com\/ro\/wp-json\/wp\/v2\/comments?post=7389"}],"wp:featuredmedia":[{"embeddable":true,"href":"https:\/\/divainers.com\/ro\/wp-json\/wp\/v2\/media\/7390"}],"wp:attachment":[{"href":"https:\/\/divainers.com\/ro\/wp-json\/wp\/v2\/media?parent=7389"}],"wp:term":[{"taxonomy":"product_brand","embeddable":true,"href":"https:\/\/divainers.com\/ro\/wp-json\/wp\/v2\/product_brand?post=7389"},{"taxonomy":"product_cat","embeddable":true,"href":"https:\/\/divainers.com\/ro\/wp-json\/wp\/v2\/product_cat?post=7389"},{"taxonomy":"product_tag","embeddable":true,"href":"https:\/\/divainers.com\/ro\/wp-json\/wp\/v2\/product_tag?post=7389"}],"curies":[{"name":"wp","href":"https:\/\/api.w.org\/{rel}","templated":true}]}}