{"id":7406,"date":"2025-08-01T12:00:08","date_gmt":"2025-08-01T10:00:08","guid":{"rendered":"https:\/\/divainers.com\/producto\/divain-1057\/"},"modified":"2026-03-31T08:43:08","modified_gmt":"2026-03-31T06:43:08","slug":"divain-1057","status":"publish","type":"product","link":"https:\/\/divainers.com\/ro\/producto\/divain-1057\/","title":{"rendered":"divain.1057"},"content":{"rendered":"<p>Imagineaz\u0103-\u021bi un parfum intens \u0219i sofisticat, care radiaz\u0103 mister \u0219i caracter, perfect pentru cei care vor s\u0103 lase o amprent\u0103 profund\u0103 \u0219i magnetic\u0103 la fiecare pas.<\/p>\n","protected":false},"excerpt":{"rendered":"<p>Remember Onyx de la Al-Jazeera Perfumes<\/p>\n","protected":false},"featured_media":7407,"comment_status":"open","ping_status":"closed","template":"","meta":[],"product_brand":[],"product_cat":[1462],"product_tag":[],"class_list":{"0":"post-7406","1":"product","2":"type-product","3":"status-publish","4":"has-post-thumbnail","6":"product_cat-parfumuri-al-jazeera","8":"first","9":"instock","10":"shipping-taxable","11":"product-type-simple"},"_links":{"self":[{"href":"https:\/\/divainers.com\/ro\/wp-json\/wp\/v2\/product\/7406","targetHints":{"allow":["GET"]}}],"collection":[{"href":"https:\/\/divainers.com\/ro\/wp-json\/wp\/v2\/product"}],"about":[{"href":"https:\/\/divainers.com\/ro\/wp-json\/wp\/v2\/types\/product"}],"replies":[{"embeddable":true,"href":"https:\/\/divainers.com\/ro\/wp-json\/wp\/v2\/comments?post=7406"}],"wp:featuredmedia":[{"embeddable":true,"href":"https:\/\/divainers.com\/ro\/wp-json\/wp\/v2\/media\/7407"}],"wp:attachment":[{"href":"https:\/\/divainers.com\/ro\/wp-json\/wp\/v2\/media?parent=7406"}],"wp:term":[{"taxonomy":"product_brand","embeddable":true,"href":"https:\/\/divainers.com\/ro\/wp-json\/wp\/v2\/product_brand?post=7406"},{"taxonomy":"product_cat","embeddable":true,"href":"https:\/\/divainers.com\/ro\/wp-json\/wp\/v2\/product_cat?post=7406"},{"taxonomy":"product_tag","embeddable":true,"href":"https:\/\/divainers.com\/ro\/wp-json\/wp\/v2\/product_tag?post=7406"}],"curies":[{"name":"wp","href":"https:\/\/api.w.org\/{rel}","templated":true}]}}