{"id":7653,"date":"2025-01-31T08:32:01","date_gmt":"2025-01-31T07:32:01","guid":{"rendered":"https:\/\/divainers.com\/producto\/divain-003\/"},"modified":"2026-04-30T09:47:14","modified_gmt":"2026-04-30T07:47:14","slug":"divain-003","status":"publish","type":"product","link":"https:\/\/divainers.com\/ro\/producto\/divain-003\/","title":{"rendered":"divain.003"},"content":{"rendered":"<p>Imagineaz\u0103-\u021bi o c\u0103l\u0103torie senzorial\u0103 \u00een care elegan\u021ba atemporal\u0103 se \u00eent\u00e2lne\u0219te cu aventura. Aceast\u0103 arom\u0103 combin\u0103 c\u0103ldura pielii \u0219i a vaniliei cu magnetismul condimentat al \u0219ofranului \u0219i nuc\u0219oarei. O not\u0103 de citrice proaspete se \u00eemplete\u0219te cu o inim\u0103 de lemnuri nobile \u0219i o baz\u0103 \u00eenv\u0103luitoare de chihlimbar \u0219i vetiver, cre\u00e2nd un parfum sofisticat, masculin \u0219i seduc\u0103tor. Perfect pentru cei care caut\u0103 distinc\u021bie \u0219i caracter \u00een fiecare esen\u021b\u0103.<\/p>\n","protected":false},"excerpt":{"rendered":"<p>Aduce aminte de CH Men de la Carolina Herrera<\/p>\n","protected":false},"featured_media":7652,"comment_status":"open","ping_status":"closed","template":"","meta":[],"product_brand":[],"product_cat":[1542],"product_tag":[1369],"class_list":{"0":"post-7653","1":"product","2":"type-product","3":"status-publish","4":"has-post-thumbnail","6":"product_cat-carolina-herrera","7":"product_tag-barbati","9":"first","10":"instock","11":"shipping-taxable","12":"product-type-simple"},"_links":{"self":[{"href":"https:\/\/divainers.com\/ro\/wp-json\/wp\/v2\/product\/7653","targetHints":{"allow":["GET"]}}],"collection":[{"href":"https:\/\/divainers.com\/ro\/wp-json\/wp\/v2\/product"}],"about":[{"href":"https:\/\/divainers.com\/ro\/wp-json\/wp\/v2\/types\/product"}],"replies":[{"embeddable":true,"href":"https:\/\/divainers.com\/ro\/wp-json\/wp\/v2\/comments?post=7653"}],"wp:featuredmedia":[{"embeddable":true,"href":"https:\/\/divainers.com\/ro\/wp-json\/wp\/v2\/media\/7652"}],"wp:attachment":[{"href":"https:\/\/divainers.com\/ro\/wp-json\/wp\/v2\/media?parent=7653"}],"wp:term":[{"taxonomy":"product_brand","embeddable":true,"href":"https:\/\/divainers.com\/ro\/wp-json\/wp\/v2\/product_brand?post=7653"},{"taxonomy":"product_cat","embeddable":true,"href":"https:\/\/divainers.com\/ro\/wp-json\/wp\/v2\/product_cat?post=7653"},{"taxonomy":"product_tag","embeddable":true,"href":"https:\/\/divainers.com\/ro\/wp-json\/wp\/v2\/product_tag?post=7653"}],"curies":[{"name":"wp","href":"https:\/\/api.w.org\/{rel}","templated":true}]}}