{"id":7823,"date":"2025-01-31T08:31:51","date_gmt":"2025-01-31T07:31:51","guid":{"rendered":"https:\/\/divainers.com\/producto\/divain-411\/"},"modified":"2026-04-30T09:48:03","modified_gmt":"2026-04-30T07:48:03","slug":"divain-411","status":"publish","type":"product","link":"https:\/\/divainers.com\/ro\/producto\/divain-411\/","title":{"rendered":"divain.411"},"content":{"rendered":"<p>O arom\u0103 care echilibreaz\u0103 prospe\u021bimea \u0219i profunzimea cu o combina\u021bie captivant\u0103 de note aromatice \u0219i r\u0103\u0219inoase. Deschiderea este vibrant\u0103 \u0219i condimentat\u0103, cu o not\u0103 mentolat\u0103 care aduce o senza\u021bie r\u0103coritoare \u0219i energizant\u0103. Pe m\u0103sur\u0103 ce evolueaz\u0103, se dezv\u0103luie o inim\u0103 cald\u0103 \u0219i p\u0103m\u00e2ntoas\u0103, unde lemnul \u0219i r\u0103\u0219inile se \u00eempletesc cu acorduri balsamice \u0219i afumate. Baza este bogat\u0103 \u0219i persistent\u0103, cu note de chihlimbar \u0219i piele care adaug\u0103 o elegan\u021b\u0103 durabil\u0103. Ideal pentru cei care caut\u0103 un parfum sofisticat \u0219i \u00eenv\u0103luitor, cu un contrast intrigant \u00eentre prospe\u021bime \u0219i c\u0103ldur\u0103.<\/p>\n","protected":false},"excerpt":{"rendered":"<p>Aminte\u0219te de Enclave de la Amouage<\/p>\n","protected":false},"featured_media":7819,"comment_status":"open","ping_status":"closed","template":"","meta":[],"product_brand":[],"product_cat":[1568],"product_tag":[1382],"class_list":{"0":"post-7823","1":"product","2":"type-product","3":"status-publish","4":"has-post-thumbnail","6":"product_cat-amouage","7":"product_tag-unisex","9":"first","10":"instock","11":"shipping-taxable","12":"product-type-simple"},"_links":{"self":[{"href":"https:\/\/divainers.com\/ro\/wp-json\/wp\/v2\/product\/7823","targetHints":{"allow":["GET"]}}],"collection":[{"href":"https:\/\/divainers.com\/ro\/wp-json\/wp\/v2\/product"}],"about":[{"href":"https:\/\/divainers.com\/ro\/wp-json\/wp\/v2\/types\/product"}],"replies":[{"embeddable":true,"href":"https:\/\/divainers.com\/ro\/wp-json\/wp\/v2\/comments?post=7823"}],"wp:featuredmedia":[{"embeddable":true,"href":"https:\/\/divainers.com\/ro\/wp-json\/wp\/v2\/media\/7819"}],"wp:attachment":[{"href":"https:\/\/divainers.com\/ro\/wp-json\/wp\/v2\/media?parent=7823"}],"wp:term":[{"taxonomy":"product_brand","embeddable":true,"href":"https:\/\/divainers.com\/ro\/wp-json\/wp\/v2\/product_brand?post=7823"},{"taxonomy":"product_cat","embeddable":true,"href":"https:\/\/divainers.com\/ro\/wp-json\/wp\/v2\/product_cat?post=7823"},{"taxonomy":"product_tag","embeddable":true,"href":"https:\/\/divainers.com\/ro\/wp-json\/wp\/v2\/product_tag?post=7823"}],"curies":[{"name":"wp","href":"https:\/\/api.w.org\/{rel}","templated":true}]}}