{"id":7865,"date":"2025-01-31T08:31:51","date_gmt":"2025-01-31T07:31:51","guid":{"rendered":"https:\/\/divainers.com\/producto\/divain-153\/"},"modified":"2026-04-30T09:48:14","modified_gmt":"2026-04-30T07:48:14","slug":"divain-153","status":"publish","type":"product","link":"https:\/\/divainers.com\/ro\/producto\/divain-153\/","title":{"rendered":"divain.153"},"content":{"rendered":"<p>Un parfum elegant \u0219i atemporal care \u00eenv\u0103luie sim\u021burile cu prospe\u021bimea sa sofisticat\u0103 \u0219i feminitatea delicat\u0103. Deschiderea citric\u0103 de bergamot\u0103 \u0219i mandarin\u0103 aduce o senza\u021bie luminoas\u0103 \u0219i vibrant\u0103. \u00cen inim\u0103, un buchet rafinat de frezie, l\u0103cr\u0103mioare \u0219i iasomie dezv\u0103luie o esen\u021b\u0103 floral\u0103 pur\u0103 \u0219i subtil seduc\u0103toare. La baz\u0103, mosc alb, chihlimbar \u0219i lemn de santal creeaz\u0103 o urm\u0103 moale, cald\u0103 \u0219i \u00eenv\u0103luitoare, perfect\u0103 pentru femeia sofisticat\u0103, natural\u0103, cu un farmec discret, dar de neuitat.<\/p>\n","protected":false},"excerpt":{"rendered":"<p>Aduce aminte de Angel Schlesser Femme de Angel Schlesser<\/p>\n","protected":false},"featured_media":7861,"comment_status":"open","ping_status":"closed","template":"","meta":[],"product_brand":[],"product_cat":[1589],"product_tag":[1450],"class_list":{"0":"post-7865","1":"product","2":"type-product","3":"status-publish","4":"has-post-thumbnail","6":"product_cat-angel-schlesser","7":"product_tag-femei","9":"first","10":"instock","11":"shipping-taxable","12":"product-type-simple"},"_links":{"self":[{"href":"https:\/\/divainers.com\/ro\/wp-json\/wp\/v2\/product\/7865","targetHints":{"allow":["GET"]}}],"collection":[{"href":"https:\/\/divainers.com\/ro\/wp-json\/wp\/v2\/product"}],"about":[{"href":"https:\/\/divainers.com\/ro\/wp-json\/wp\/v2\/types\/product"}],"replies":[{"embeddable":true,"href":"https:\/\/divainers.com\/ro\/wp-json\/wp\/v2\/comments?post=7865"}],"wp:featuredmedia":[{"embeddable":true,"href":"https:\/\/divainers.com\/ro\/wp-json\/wp\/v2\/media\/7861"}],"wp:attachment":[{"href":"https:\/\/divainers.com\/ro\/wp-json\/wp\/v2\/media?parent=7865"}],"wp:term":[{"taxonomy":"product_brand","embeddable":true,"href":"https:\/\/divainers.com\/ro\/wp-json\/wp\/v2\/product_brand?post=7865"},{"taxonomy":"product_cat","embeddable":true,"href":"https:\/\/divainers.com\/ro\/wp-json\/wp\/v2\/product_cat?post=7865"},{"taxonomy":"product_tag","embeddable":true,"href":"https:\/\/divainers.com\/ro\/wp-json\/wp\/v2\/product_tag?post=7865"}],"curies":[{"name":"wp","href":"https:\/\/api.w.org\/{rel}","templated":true}]}}