{"id":7908,"date":"2025-01-31T08:31:51","date_gmt":"2025-01-31T07:31:51","guid":{"rendered":"https:\/\/divainers.com\/producto\/divain-948\/"},"modified":"2026-04-30T09:48:33","modified_gmt":"2026-04-30T07:48:33","slug":"divain-948","status":"publish","type":"product","link":"https:\/\/divainers.com\/ro\/producto\/divain-948\/","title":{"rendered":"divain.948"},"content":{"rendered":"<p>O arom\u0103 delicat\u0103 \u0219i \u00eenv\u0103luitoare care evoc\u0103 o senza\u021bie de u\u0219urin\u021b\u0103 \u0219i serenitate, ca \u0219i cum ai pluti printre nori \u00eentr-o zi cald\u0103. De la deschidere, notele fructate de lavand\u0103 \u0219i par\u0103 aduc o prospe\u021bime ini\u021bial\u0103, domolit\u0103 de o atingere cremoas\u0103 de cocos, care adaug\u0103 o dulcea\u021b\u0103 u\u0219oar\u0103 \u0219i relaxant\u0103. Pe m\u0103sur\u0103 ce parfumul se desf\u0103\u0219oar\u0103, notele florale de iasomie \u0219i l\u0103cr\u0103mioar\u0103 \u00eei confer\u0103 o elegan\u021b\u0103 delicat\u0103 \u0219i feminin\u0103, cre\u00e2nd o senza\u021bie de fine\u021be eteric\u0103 care \u00eenv\u0103luie pielea. Baza, marcat\u0103 de mosc \u0219i caramel, ofer\u0103 o funda\u021bie cald\u0103 \u0219i reconfortant\u0103 care se \u00eembin\u0103 cu notele mai u\u0219oare, l\u0103s\u00e2nd o urm\u0103 care este at\u00e2t \u00eenv\u0103luitoare, c\u00e2t \u0219i relaxant\u0103. Aceast\u0103 arom\u0103 este perfect\u0103 pentru cei care caut\u0103 o experien\u021b\u0103 olfactiv\u0103 bl\u00e2nd\u0103, dulce \u0219i senin\u0103, ideal\u0103 pentru purtarea zilnic\u0103, transmi\u021b\u00e2nd o senza\u021bie de calm \u0219i prospe\u021bime.<\/p>\n","protected":false},"excerpt":{"rendered":"<p>Aduce aminte de Cloud de la Ariana Grande<\/p>\n","protected":false},"featured_media":7903,"comment_status":"open","ping_status":"closed","template":"","meta":[],"product_brand":[],"product_cat":[1611],"product_tag":[1450],"class_list":{"0":"post-7908","1":"product","2":"type-product","3":"status-publish","4":"has-post-thumbnail","6":"product_cat-ariana-grande","7":"product_tag-femei","9":"first","10":"instock","11":"shipping-taxable","12":"product-type-simple"},"_links":{"self":[{"href":"https:\/\/divainers.com\/ro\/wp-json\/wp\/v2\/product\/7908","targetHints":{"allow":["GET"]}}],"collection":[{"href":"https:\/\/divainers.com\/ro\/wp-json\/wp\/v2\/product"}],"about":[{"href":"https:\/\/divainers.com\/ro\/wp-json\/wp\/v2\/types\/product"}],"replies":[{"embeddable":true,"href":"https:\/\/divainers.com\/ro\/wp-json\/wp\/v2\/comments?post=7908"}],"wp:featuredmedia":[{"embeddable":true,"href":"https:\/\/divainers.com\/ro\/wp-json\/wp\/v2\/media\/7903"}],"wp:attachment":[{"href":"https:\/\/divainers.com\/ro\/wp-json\/wp\/v2\/media?parent=7908"}],"wp:term":[{"taxonomy":"product_brand","embeddable":true,"href":"https:\/\/divainers.com\/ro\/wp-json\/wp\/v2\/product_brand?post=7908"},{"taxonomy":"product_cat","embeddable":true,"href":"https:\/\/divainers.com\/ro\/wp-json\/wp\/v2\/product_cat?post=7908"},{"taxonomy":"product_tag","embeddable":true,"href":"https:\/\/divainers.com\/ro\/wp-json\/wp\/v2\/product_tag?post=7908"}],"curies":[{"name":"wp","href":"https:\/\/api.w.org\/{rel}","templated":true}]}}