{"id":7948,"date":"2025-01-31T08:31:51","date_gmt":"2025-01-31T07:31:51","guid":{"rendered":"https:\/\/divainers.com\/producto\/divain-457\/"},"modified":"2026-04-30T09:48:52","modified_gmt":"2026-04-30T07:48:52","slug":"divain-457","status":"publish","type":"product","link":"https:\/\/divainers.com\/ro\/producto\/divain-457\/","title":{"rendered":"divain.457"},"content":{"rendered":"<p>Un parfum \u00eendr\u0103zne\u021b \u0219i magnetic care eman\u0103 elegan\u021b\u0103 \u0219i caracter \u00een fiecare not\u0103. Deschiderea este vibrant\u0103 \u0219i citric\u0103, cu o explozie de l\u0103m\u00e2ie, ananas \u0219i bergamot\u0103 care treze\u0219te sim\u021burile cu o prospe\u021bime intens\u0103. \u00cen inima sa, mesteac\u0103nul \u0219i iasomia adaug\u0103 profunzime \u0219i o not\u0103 sofisticat\u0103 de fum, evoc\u00e2nd o masculinitate rafinat\u0103 \u0219i sigur\u0103 pe sine. \u00cen cele din urm\u0103, o baz\u0103 \u00eenv\u0103luitoare de chihlimbar gri, mosc \u0219i patchouli las\u0103 o urm\u0103 durabil\u0103, seduc\u0103toare \u0219i puternic\u0103. Un parfum impun\u0103tor \u0219i sofisticat, ideal pentru cei care caut\u0103 o arom\u0103 intens\u0103, versatil\u0103 \u0219i cu o prezen\u021b\u0103 inconfundabil\u0103.<\/p>\n","protected":false},"excerpt":{"rendered":"<p>Aminte\u0219te de Club de Nuit Intense Man de Armaf<\/p>\n","protected":false},"featured_media":7946,"comment_status":"open","ping_status":"closed","template":"","meta":[],"product_brand":[],"product_cat":[1618],"product_tag":[1346],"class_list":{"0":"post-7948","1":"product","2":"type-product","3":"status-publish","4":"has-post-thumbnail","6":"product_cat-armaf","7":"product_tag-men","9":"first","10":"instock","11":"shipping-taxable","12":"product-type-simple"},"_links":{"self":[{"href":"https:\/\/divainers.com\/ro\/wp-json\/wp\/v2\/product\/7948","targetHints":{"allow":["GET"]}}],"collection":[{"href":"https:\/\/divainers.com\/ro\/wp-json\/wp\/v2\/product"}],"about":[{"href":"https:\/\/divainers.com\/ro\/wp-json\/wp\/v2\/types\/product"}],"replies":[{"embeddable":true,"href":"https:\/\/divainers.com\/ro\/wp-json\/wp\/v2\/comments?post=7948"}],"wp:featuredmedia":[{"embeddable":true,"href":"https:\/\/divainers.com\/ro\/wp-json\/wp\/v2\/media\/7946"}],"wp:attachment":[{"href":"https:\/\/divainers.com\/ro\/wp-json\/wp\/v2\/media?parent=7948"}],"wp:term":[{"taxonomy":"product_brand","embeddable":true,"href":"https:\/\/divainers.com\/ro\/wp-json\/wp\/v2\/product_brand?post=7948"},{"taxonomy":"product_cat","embeddable":true,"href":"https:\/\/divainers.com\/ro\/wp-json\/wp\/v2\/product_cat?post=7948"},{"taxonomy":"product_tag","embeddable":true,"href":"https:\/\/divainers.com\/ro\/wp-json\/wp\/v2\/product_tag?post=7948"}],"curies":[{"name":"wp","href":"https:\/\/api.w.org\/{rel}","templated":true}]}}