{"id":7993,"date":"2025-01-31T08:31:51","date_gmt":"2025-01-31T07:31:51","guid":{"rendered":"https:\/\/divainers.com\/producto\/divain-890\/"},"modified":"2026-04-30T09:49:05","modified_gmt":"2026-04-30T07:49:05","slug":"divain-890","status":"publish","type":"product","link":"https:\/\/divainers.com\/ro\/producto\/divain-890\/","title":{"rendered":"divain.890"},"content":{"rendered":"<p>Imagineaz\u0103-\u021bi o arom\u0103 care te \u00eenv\u0103luie \u00eentr-o atmosfer\u0103 cald\u0103 \u0219i exotic\u0103, unde notele dulci \u0219i condimentate se \u00eempletesc cu lemnuri pre\u021bioase \u0219i vanilie. Aceast\u0103 esen\u021b\u0103 \u00eencepe cu o deschidere suculent\u0103 de prun\u0103 \u0219i un strop de scor\u021bi\u0219oar\u0103, care aduc o dulcea\u021b\u0103 condimentat\u0103. \u00cen inima sa, heliotropul \u0219i curmalul ofer\u0103 o not\u0103 floral\u0103 \u0219i fructat\u0103 delicat\u0103, \u00een timp ce patchouli adaug\u0103 o profunzime p\u0103m\u00e2nteasc\u0103. Baza din lemn de guaiac, santal \u0219i vanilie creeaz\u0103 o urm\u0103 cald\u0103 \u0219i reconfortant\u0103, evoc\u00e2nd bog\u0103\u021bia rutelor comerciale orientale. Aceast\u0103 compozi\u021bie ofer\u0103 o experien\u021b\u0103 olfactiv\u0103 care combin\u0103 perfect notele dulci, condimentate \u0219i lemnoase.<\/p>\n","protected":false},"excerpt":{"rendered":"<p>Aduce aminte de Rouge Sar\u00e2y de la Atelier des Ors<\/p>\n","protected":false},"featured_media":7986,"comment_status":"open","ping_status":"closed","template":"","meta":[],"product_brand":[],"product_cat":[1654],"product_tag":[1382],"class_list":{"0":"post-7993","1":"product","2":"type-product","3":"status-publish","4":"has-post-thumbnail","6":"product_cat-atelier-des-ors","7":"product_tag-unisex","9":"first","10":"instock","11":"shipping-taxable","12":"product-type-simple"},"_links":{"self":[{"href":"https:\/\/divainers.com\/ro\/wp-json\/wp\/v2\/product\/7993","targetHints":{"allow":["GET"]}}],"collection":[{"href":"https:\/\/divainers.com\/ro\/wp-json\/wp\/v2\/product"}],"about":[{"href":"https:\/\/divainers.com\/ro\/wp-json\/wp\/v2\/types\/product"}],"replies":[{"embeddable":true,"href":"https:\/\/divainers.com\/ro\/wp-json\/wp\/v2\/comments?post=7993"}],"wp:featuredmedia":[{"embeddable":true,"href":"https:\/\/divainers.com\/ro\/wp-json\/wp\/v2\/media\/7986"}],"wp:attachment":[{"href":"https:\/\/divainers.com\/ro\/wp-json\/wp\/v2\/media?parent=7993"}],"wp:term":[{"taxonomy":"product_brand","embeddable":true,"href":"https:\/\/divainers.com\/ro\/wp-json\/wp\/v2\/product_brand?post=7993"},{"taxonomy":"product_cat","embeddable":true,"href":"https:\/\/divainers.com\/ro\/wp-json\/wp\/v2\/product_cat?post=7993"},{"taxonomy":"product_tag","embeddable":true,"href":"https:\/\/divainers.com\/ro\/wp-json\/wp\/v2\/product_tag?post=7993"}],"curies":[{"name":"wp","href":"https:\/\/api.w.org\/{rel}","templated":true}]}}