{"id":8074,"date":"2025-01-31T08:31:52","date_gmt":"2025-01-31T07:31:52","guid":{"rendered":"https:\/\/divainers.com\/producto\/divain-240\/"},"modified":"2026-04-30T09:49:28","modified_gmt":"2026-04-30T07:49:28","slug":"divain-240","status":"publish","type":"product","link":"https:\/\/divainers.com\/ro\/producto\/divain-240\/","title":{"rendered":"divain.240"},"content":{"rendered":"<p>O fragranta vibrant\u0103 \u0219i \u00eendr\u0103znea\u021b\u0103, creat\u0103 pentru b\u0103rbatul extrovertit \u0219i plin de energie. La deschidere, o explozie de prospe\u021bime \u0219i condimente, cu note de l\u0103m\u00e2ie, ghimbir \u0219i ment\u0103, care trezesc sim\u021burile \u0219i adaug\u0103 dinamism. Inima parfumului este plin\u0103 de o atingere cald\u0103 \u0219i aromatic\u0103 datorit\u0103 lavandei, combinat\u0103 cu scor\u021bi\u0219oar\u0103 \u0219i cardamom, cre\u00e2nd un echilibru \u00eentre fine\u021be \u0219i intensitate. La baz\u0103, notele lemnoase \u0219i balsamice de tonka, lemn de santal \u0219i piele \u00eenv\u0103luie pielea cu o urm\u0103 de sofisticare \u0219i senzualitate. Ideal pentru ocazii speciale, acest parfum este o reflexie a \u00eendr\u0103znelii \u0219i \u00eencrederii, perfect pentru cei care doresc s\u0103 ias\u0103 \u00een eviden\u021b\u0103 cu o prezen\u021b\u0103 de neuitat.<\/p>\n","protected":false},"excerpt":{"rendered":"<p>Aminte\u0219te de Azzaro Wanted de la Azzaro<\/p>\n","protected":false},"featured_media":8071,"comment_status":"open","ping_status":"closed","template":"","meta":[],"product_brand":[],"product_cat":[1694],"product_tag":[1369],"class_list":{"0":"post-8074","1":"product","2":"type-product","3":"status-publish","4":"has-post-thumbnail","6":"product_cat-azzaro","7":"product_tag-barbati","9":"first","10":"instock","11":"shipping-taxable","12":"product-type-simple"},"_links":{"self":[{"href":"https:\/\/divainers.com\/ro\/wp-json\/wp\/v2\/product\/8074","targetHints":{"allow":["GET"]}}],"collection":[{"href":"https:\/\/divainers.com\/ro\/wp-json\/wp\/v2\/product"}],"about":[{"href":"https:\/\/divainers.com\/ro\/wp-json\/wp\/v2\/types\/product"}],"replies":[{"embeddable":true,"href":"https:\/\/divainers.com\/ro\/wp-json\/wp\/v2\/comments?post=8074"}],"wp:featuredmedia":[{"embeddable":true,"href":"https:\/\/divainers.com\/ro\/wp-json\/wp\/v2\/media\/8071"}],"wp:attachment":[{"href":"https:\/\/divainers.com\/ro\/wp-json\/wp\/v2\/media?parent=8074"}],"wp:term":[{"taxonomy":"product_brand","embeddable":true,"href":"https:\/\/divainers.com\/ro\/wp-json\/wp\/v2\/product_brand?post=8074"},{"taxonomy":"product_cat","embeddable":true,"href":"https:\/\/divainers.com\/ro\/wp-json\/wp\/v2\/product_cat?post=8074"},{"taxonomy":"product_tag","embeddable":true,"href":"https:\/\/divainers.com\/ro\/wp-json\/wp\/v2\/product_tag?post=8074"}],"curies":[{"name":"wp","href":"https:\/\/api.w.org\/{rel}","templated":true}]}}