{"id":8118,"date":"2025-01-31T08:31:53","date_gmt":"2025-01-31T07:31:53","guid":{"rendered":"https:\/\/divainers.com\/producto\/divain-715\/"},"modified":"2026-04-30T09:49:36","modified_gmt":"2026-04-30T07:49:36","slug":"divain-715","status":"publish","type":"product","link":"https:\/\/divainers.com\/ro\/producto\/divain-715\/","title":{"rendered":"divain.715"},"content":{"rendered":"<p>Este o arom\u0103 floral\u0103 proasp\u0103t\u0103 \u0219i modern\u0103, caracterizat\u0103 prin contrastul dintre notele verzi \u0219i florale. Deschiderea este proasp\u0103t\u0103 \u0219i u\u0219oar\u0103, cu o not\u0103 de ment\u0103, care se \u00eembin\u0103 cu trandafirul \u0219i garoafa din inim\u0103, cre\u00e2nd o senza\u021bie de floare de c\u00e2mp proasp\u0103t\u0103 \u0219i \u00eenv\u0103luitoare. Pe m\u0103sur\u0103 ce se dezvolt\u0103, notele de baz\u0103 de ambr\u0103 \u0219i vetiver adaug\u0103 o profunzime p\u0103m\u00e2ntoas\u0103 \u0219i sofisticat\u0103, echilibr\u00e2nd prospe\u021bimea florilor. Este o arom\u0103 elegant\u0103 \u0219i contemporan\u0103, ideal\u0103 pentru cei care caut\u0103 ceva feminin, dar cu o not\u0103 de \u00eendr\u0103zneal\u0103 \u0219i modernitate.<\/p>\n","protected":false},"excerpt":{"rendered":"<p>Aduce aminte de Florabotanica de la Balenciaga<\/p>\n","protected":false},"featured_media":8111,"comment_status":"open","ping_status":"closed","template":"","meta":[],"product_brand":[],"product_cat":[1716],"product_tag":[1450],"class_list":{"0":"post-8118","1":"product","2":"type-product","3":"status-publish","4":"has-post-thumbnail","6":"product_cat-balenciaga","7":"product_tag-femei","9":"first","10":"instock","11":"shipping-taxable","12":"product-type-simple"},"_links":{"self":[{"href":"https:\/\/divainers.com\/ro\/wp-json\/wp\/v2\/product\/8118","targetHints":{"allow":["GET"]}}],"collection":[{"href":"https:\/\/divainers.com\/ro\/wp-json\/wp\/v2\/product"}],"about":[{"href":"https:\/\/divainers.com\/ro\/wp-json\/wp\/v2\/types\/product"}],"replies":[{"embeddable":true,"href":"https:\/\/divainers.com\/ro\/wp-json\/wp\/v2\/comments?post=8118"}],"wp:featuredmedia":[{"embeddable":true,"href":"https:\/\/divainers.com\/ro\/wp-json\/wp\/v2\/media\/8111"}],"wp:attachment":[{"href":"https:\/\/divainers.com\/ro\/wp-json\/wp\/v2\/media?parent=8118"}],"wp:term":[{"taxonomy":"product_brand","embeddable":true,"href":"https:\/\/divainers.com\/ro\/wp-json\/wp\/v2\/product_brand?post=8118"},{"taxonomy":"product_cat","embeddable":true,"href":"https:\/\/divainers.com\/ro\/wp-json\/wp\/v2\/product_cat?post=8118"},{"taxonomy":"product_tag","embeddable":true,"href":"https:\/\/divainers.com\/ro\/wp-json\/wp\/v2\/product_tag?post=8118"}],"curies":[{"name":"wp","href":"https:\/\/api.w.org\/{rel}","templated":true}]}}