{"id":8157,"date":"2025-01-31T08:31:53","date_gmt":"2025-01-31T07:31:53","guid":{"rendered":"https:\/\/divainers.com\/producto\/divain-412\/"},"modified":"2026-04-30T09:49:45","modified_gmt":"2026-04-30T07:49:45","slug":"divain-412","status":"publish","type":"product","link":"https:\/\/divainers.com\/ro\/producto\/divain-412\/","title":{"rendered":"divain.412"},"content":{"rendered":"<p>Un parfum opulent \u0219i adictiv care \u00eembin\u0103 c\u0103ldura condimentat\u0103 a tutunului cu senzualitatea catifelat\u0103 a trandafirului. De la \u00eenceput, notele picante \u0219i dulci \u00eenv\u0103luie sim\u021burile, cre\u00e2nd o senza\u021bie intens\u0103 \u0219i captivant\u0103. \u00cen inima parfumului, trandafirul se desf\u0103\u0219oar\u0103 cu un caracter profund \u0219i u\u0219or \u00eentunecat, \u00eenso\u021bit de nuan\u021be ambrate \u0219i r\u0103\u0219inoase care \u00eei accentueaz\u0103 bog\u0103\u021bia. Baza este dens\u0103 \u0219i seduc\u0103toare, cu acorduri de cacao, mosc \u0219i lemnuri cremoase care las\u0103 o urm\u0103 sofisticat\u0103 \u0219i de durat\u0103. Ideal pentru cei care caut\u0103 o arom\u0103 \u00eendr\u0103znea\u021b\u0103, elegant\u0103 \u0219i plin\u0103 de caracter.<\/p>\n","protected":false},"excerpt":{"rendered":"<p>Aduce aminte de Tabac Rose de la BDK Parfums<\/p>\n","protected":false},"featured_media":8155,"comment_status":"open","ping_status":"closed","template":"","meta":[],"product_brand":[],"product_cat":[1736],"product_tag":[1382],"class_list":{"0":"post-8157","1":"product","2":"type-product","3":"status-publish","4":"has-post-thumbnail","6":"product_cat-bdk-parfums","7":"product_tag-unisex","9":"first","10":"instock","11":"shipping-taxable","12":"product-type-simple"},"_links":{"self":[{"href":"https:\/\/divainers.com\/ro\/wp-json\/wp\/v2\/product\/8157","targetHints":{"allow":["GET"]}}],"collection":[{"href":"https:\/\/divainers.com\/ro\/wp-json\/wp\/v2\/product"}],"about":[{"href":"https:\/\/divainers.com\/ro\/wp-json\/wp\/v2\/types\/product"}],"replies":[{"embeddable":true,"href":"https:\/\/divainers.com\/ro\/wp-json\/wp\/v2\/comments?post=8157"}],"wp:featuredmedia":[{"embeddable":true,"href":"https:\/\/divainers.com\/ro\/wp-json\/wp\/v2\/media\/8155"}],"wp:attachment":[{"href":"https:\/\/divainers.com\/ro\/wp-json\/wp\/v2\/media?parent=8157"}],"wp:term":[{"taxonomy":"product_brand","embeddable":true,"href":"https:\/\/divainers.com\/ro\/wp-json\/wp\/v2\/product_brand?post=8157"},{"taxonomy":"product_cat","embeddable":true,"href":"https:\/\/divainers.com\/ro\/wp-json\/wp\/v2\/product_cat?post=8157"},{"taxonomy":"product_tag","embeddable":true,"href":"https:\/\/divainers.com\/ro\/wp-json\/wp\/v2\/product_tag?post=8157"}],"curies":[{"name":"wp","href":"https:\/\/api.w.org\/{rel}","templated":true}]}}