{"id":8198,"date":"2025-01-31T08:33:36","date_gmt":"2025-01-31T07:33:36","guid":{"rendered":"https:\/\/divainers.com\/producto\/divain-077\/"},"modified":"2026-04-30T09:49:54","modified_gmt":"2026-04-30T07:49:54","slug":"divain-077","status":"publish","type":"product","link":"https:\/\/divainers.com\/ro\/producto\/divain-077\/","title":{"rendered":"divain.077"},"content":{"rendered":"<p>Un parfum tineresc \u0219i vibrant care surprinde bucuria \u0219i spontaneitatea \u00een fiecare not\u0103. Deschiderea sa sclipitoare de piersic\u0103, cais\u0103 \u0219i coac\u0103ze negre aduce o dulcea\u021b\u0103 fructat\u0103 \u0219i luminoas\u0103. \u00cen inima parfumului, frezia, violeta \u0219i l\u0103cr\u0103mioara \u00eenv\u0103luie aroma \u00eentr-o feminitate delicat\u0103 \u0219i romantic\u0103. La baz\u0103, lemnul de santal, vanilia \u0219i moscul creeaz\u0103 o urm\u0103 cald\u0103 \u0219i primitoare, perfect\u0103 pentru femeia amuzant\u0103, liber\u0103 \u0219i cu un spirit plin de energie.<\/p>\n","protected":false},"excerpt":{"rendered":"<p>Aminte\u0219te de Red Jeans de la Versace<\/p>\n","protected":false},"featured_media":8196,"comment_status":"open","ping_status":"closed","template":"","meta":[],"product_brand":[],"product_cat":[1755],"product_tag":[1450],"class_list":{"0":"post-8198","1":"product","2":"type-product","3":"status-publish","4":"has-post-thumbnail","6":"product_cat-versace","7":"product_tag-femei","9":"first","10":"instock","11":"shipping-taxable","12":"product-type-simple"},"_links":{"self":[{"href":"https:\/\/divainers.com\/ro\/wp-json\/wp\/v2\/product\/8198","targetHints":{"allow":["GET"]}}],"collection":[{"href":"https:\/\/divainers.com\/ro\/wp-json\/wp\/v2\/product"}],"about":[{"href":"https:\/\/divainers.com\/ro\/wp-json\/wp\/v2\/types\/product"}],"replies":[{"embeddable":true,"href":"https:\/\/divainers.com\/ro\/wp-json\/wp\/v2\/comments?post=8198"}],"wp:featuredmedia":[{"embeddable":true,"href":"https:\/\/divainers.com\/ro\/wp-json\/wp\/v2\/media\/8196"}],"wp:attachment":[{"href":"https:\/\/divainers.com\/ro\/wp-json\/wp\/v2\/media?parent=8198"}],"wp:term":[{"taxonomy":"product_brand","embeddable":true,"href":"https:\/\/divainers.com\/ro\/wp-json\/wp\/v2\/product_brand?post=8198"},{"taxonomy":"product_cat","embeddable":true,"href":"https:\/\/divainers.com\/ro\/wp-json\/wp\/v2\/product_cat?post=8198"},{"taxonomy":"product_tag","embeddable":true,"href":"https:\/\/divainers.com\/ro\/wp-json\/wp\/v2\/product_tag?post=8198"}],"curies":[{"name":"wp","href":"https:\/\/api.w.org\/{rel}","templated":true}]}}