{"id":8245,"date":"2025-01-31T08:31:53","date_gmt":"2025-01-31T07:31:53","guid":{"rendered":"https:\/\/divainers.com\/producto\/divain-447\/"},"modified":"2026-04-30T09:50:11","modified_gmt":"2026-04-30T07:50:11","slug":"divain-447","status":"publish","type":"product","link":"https:\/\/divainers.com\/ro\/producto\/divain-447\/","title":{"rendered":"divain.447"},"content":{"rendered":"<p>Un parfum m\u0103re\u021b \u0219i puternic care eman\u0103 \u00eencredere \u0219i sofisticare \u00een fiecare not\u0103. Deschiderea este vibrant\u0103 \u0219i condimentat\u0103, cu o explozie de bergamot\u0103 \u0219i piper care treze\u0219te sim\u021burile cu energie \u0219i elegan\u021b\u0103. \u00cen inima sa, chihlimbarul \u0219i lavanda se \u00eembin\u0103 cu lemnuri nobile, aduc\u00e2nd profunzime \u0219i o aur\u0103 distins\u0103. \u00cen final, o baz\u0103 cald\u0103 de vanilie, mosc \u0219i oud las\u0103 o urm\u0103 \u00eenv\u0103luitoare, intens\u0103 \u0219i seduc\u0103toare. Un parfum \u00eendr\u0103zne\u021b \u0219i magnetic, perfect pentru cei care caut\u0103 o arom\u0103 cu caracter, prezen\u021b\u0103 \u0219i o elegan\u021b\u0103 impun\u0103toare.<\/p>\n","protected":false},"excerpt":{"rendered":"<p>Aduce aminte de King de la Bharara<\/p>\n","protected":false},"featured_media":8238,"comment_status":"open","ping_status":"closed","template":"","meta":[],"product_brand":[],"product_cat":[1780],"product_tag":[1369],"class_list":{"0":"post-8245","1":"product","2":"type-product","3":"status-publish","4":"has-post-thumbnail","6":"product_cat-bharara","7":"product_tag-barbati","9":"first","10":"instock","11":"shipping-taxable","12":"product-type-simple"},"_links":{"self":[{"href":"https:\/\/divainers.com\/ro\/wp-json\/wp\/v2\/product\/8245","targetHints":{"allow":["GET"]}}],"collection":[{"href":"https:\/\/divainers.com\/ro\/wp-json\/wp\/v2\/product"}],"about":[{"href":"https:\/\/divainers.com\/ro\/wp-json\/wp\/v2\/types\/product"}],"replies":[{"embeddable":true,"href":"https:\/\/divainers.com\/ro\/wp-json\/wp\/v2\/comments?post=8245"}],"wp:featuredmedia":[{"embeddable":true,"href":"https:\/\/divainers.com\/ro\/wp-json\/wp\/v2\/media\/8238"}],"wp:attachment":[{"href":"https:\/\/divainers.com\/ro\/wp-json\/wp\/v2\/media?parent=8245"}],"wp:term":[{"taxonomy":"product_brand","embeddable":true,"href":"https:\/\/divainers.com\/ro\/wp-json\/wp\/v2\/product_brand?post=8245"},{"taxonomy":"product_cat","embeddable":true,"href":"https:\/\/divainers.com\/ro\/wp-json\/wp\/v2\/product_cat?post=8245"},{"taxonomy":"product_tag","embeddable":true,"href":"https:\/\/divainers.com\/ro\/wp-json\/wp\/v2\/product_tag?post=8245"}],"curies":[{"name":"wp","href":"https:\/\/api.w.org\/{rel}","templated":true}]}}