{"id":8368,"date":"2025-01-31T08:31:53","date_gmt":"2025-01-31T07:31:53","guid":{"rendered":"https:\/\/divainers.com\/producto\/divain-452\/"},"modified":"2026-04-30T09:50:51","modified_gmt":"2026-04-30T07:50:51","slug":"divain-452","status":"publish","type":"product","link":"https:\/\/divainers.com\/ro\/producto\/divain-452\/","title":{"rendered":"divain.452"},"content":{"rendered":"<p>Un parfum vibrant \u0219i sofisticat care surprinde energia dinamic\u0103 a ora\u0219ului cu o not\u0103 de prospe\u021bime \u0219i c\u0103ldur\u0103 irezistibil\u0103. Deschiderea este luminoas\u0103 \u0219i suculent\u0103, cu o explozie de coac\u0103ze negre \u0219i afine, amplificat\u0103 de o not\u0103 verde \u0219i condimentat\u0103 care treze\u0219te sim\u021burile. \u00cen inima sa, notele de violet\u0103 \u0219i scor\u021bi\u0219oar\u0103 adaug\u0103 profunzime \u0219i un aer rafinat, \u00een timp ce baza de chihlimbar, vanilie \u0219i lemn nobil \u00eenv\u0103luie pielea cu o urm\u0103 cremoas\u0103, seduc\u0103toare \u0219i cuprinz\u0103toare. Un parfum modern \u0219i versatil, ideal pentru cei care caut\u0103 o arom\u0103 unic\u0103, sofisticat\u0103 \u0219i cu o prezen\u021b\u0103 inconfundabil\u0103.<\/p>\n","protected":false},"excerpt":{"rendered":"<p>Aminte\u0219te de Bleecker Street de la Bond No 9<\/p>\n","protected":false},"featured_media":8364,"comment_status":"open","ping_status":"closed","template":"","meta":[],"product_brand":[],"product_cat":[1830],"product_tag":[1404],"class_list":{"0":"post-8368","1":"product","2":"type-product","3":"status-publish","4":"has-post-thumbnail","6":"product_cat-bond-no-9","7":"product_tag-unisex","9":"first","10":"instock","11":"shipping-taxable","12":"product-type-simple"},"_links":{"self":[{"href":"https:\/\/divainers.com\/ro\/wp-json\/wp\/v2\/product\/8368","targetHints":{"allow":["GET"]}}],"collection":[{"href":"https:\/\/divainers.com\/ro\/wp-json\/wp\/v2\/product"}],"about":[{"href":"https:\/\/divainers.com\/ro\/wp-json\/wp\/v2\/types\/product"}],"replies":[{"embeddable":true,"href":"https:\/\/divainers.com\/ro\/wp-json\/wp\/v2\/comments?post=8368"}],"wp:featuredmedia":[{"embeddable":true,"href":"https:\/\/divainers.com\/ro\/wp-json\/wp\/v2\/media\/8364"}],"wp:attachment":[{"href":"https:\/\/divainers.com\/ro\/wp-json\/wp\/v2\/media?parent=8368"}],"wp:term":[{"taxonomy":"product_brand","embeddable":true,"href":"https:\/\/divainers.com\/ro\/wp-json\/wp\/v2\/product_brand?post=8368"},{"taxonomy":"product_cat","embeddable":true,"href":"https:\/\/divainers.com\/ro\/wp-json\/wp\/v2\/product_cat?post=8368"},{"taxonomy":"product_tag","embeddable":true,"href":"https:\/\/divainers.com\/ro\/wp-json\/wp\/v2\/product_tag?post=8368"}],"curies":[{"name":"wp","href":"https:\/\/api.w.org\/{rel}","templated":true}]}}