{"id":8453,"date":"2025-01-31T08:31:53","date_gmt":"2025-01-31T07:31:53","guid":{"rendered":"https:\/\/divainers.com\/producto\/divain-518\/"},"modified":"2026-04-30T09:51:15","modified_gmt":"2026-04-30T07:51:15","slug":"divain-518","status":"publish","type":"product","link":"https:\/\/divainers.com\/ro\/producto\/divain-518\/","title":{"rendered":"divain.518"},"content":{"rendered":"<p>Un parfum exotic \u0219i \u00eenv\u0103luitor care te poart\u0103 \u00eentr-o c\u0103l\u0103torie senzorial\u0103 plin\u0103 de c\u0103ldur\u0103 \u0219i sofisticare. De la deschidere, dulcea\u021ba condimentat\u0103 a scor\u021bi\u0219oarei \u0219i bergamotei treze\u0219te sim\u021burile cu o vibra\u021bie cald\u0103 \u0219i luminoas\u0103. \u00cen inima sa, un buchet elegant de iasomie \u0219i trandafir se \u00eembin\u0103 cu note de ylang-ylang, aduc\u00e2nd o feminitate opulent\u0103 \u0219i seduc\u0103toare. \u00cen final, o baz\u0103 de vanilie, benzoe \u0219i chihlimbar las\u0103 o urm\u0103 cremoas\u0103, \u00eenv\u0103luitoare \u0219i profund senzual\u0103. Un parfum luxos \u0219i magnetic, ideal pentru cei care caut\u0103 o arom\u0103 oriental\u0103, cald\u0103 \u0219i cu un caracter sofisticat \u0219i de neuitat.<\/p>\n","protected":false},"excerpt":{"rendered":"<p>Aduce aminte de Jaipur de la Boucheron<\/p>\n","protected":false},"featured_media":8449,"comment_status":"open","ping_status":"closed","template":"","meta":[],"product_brand":[],"product_cat":[1883],"product_tag":[1450],"class_list":{"0":"post-8453","1":"product","2":"type-product","3":"status-publish","4":"has-post-thumbnail","6":"product_cat-boucheron","7":"product_tag-femei","9":"first","10":"instock","11":"shipping-taxable","12":"product-type-simple"},"_links":{"self":[{"href":"https:\/\/divainers.com\/ro\/wp-json\/wp\/v2\/product\/8453","targetHints":{"allow":["GET"]}}],"collection":[{"href":"https:\/\/divainers.com\/ro\/wp-json\/wp\/v2\/product"}],"about":[{"href":"https:\/\/divainers.com\/ro\/wp-json\/wp\/v2\/types\/product"}],"replies":[{"embeddable":true,"href":"https:\/\/divainers.com\/ro\/wp-json\/wp\/v2\/comments?post=8453"}],"wp:featuredmedia":[{"embeddable":true,"href":"https:\/\/divainers.com\/ro\/wp-json\/wp\/v2\/media\/8449"}],"wp:attachment":[{"href":"https:\/\/divainers.com\/ro\/wp-json\/wp\/v2\/media?parent=8453"}],"wp:term":[{"taxonomy":"product_brand","embeddable":true,"href":"https:\/\/divainers.com\/ro\/wp-json\/wp\/v2\/product_brand?post=8453"},{"taxonomy":"product_cat","embeddable":true,"href":"https:\/\/divainers.com\/ro\/wp-json\/wp\/v2\/product_cat?post=8453"},{"taxonomy":"product_tag","embeddable":true,"href":"https:\/\/divainers.com\/ro\/wp-json\/wp\/v2\/product_tag?post=8453"}],"curies":[{"name":"wp","href":"https:\/\/api.w.org\/{rel}","templated":true}]}}