{"id":847,"date":"2025-01-31T08:32:53","date_gmt":"2025-01-31T07:32:53","guid":{"rendered":"https:\/\/divainers.com\/producto\/divain-315\/"},"modified":"2026-03-16T16:07:57","modified_gmt":"2026-03-16T15:07:57","slug":"divain-315","status":"publish","type":"product","link":"https:\/\/divainers.com\/ro\/producto\/divain-315\/","title":{"rendered":"divain.315"},"content":{"rendered":"<p>Una mezcla c\u00e1lida y amaderada con un car\u00e1cter distintivo y envolvente. Se abre con notas de cardamomo y hojas verdes que aportan un frescor especiado. En el coraz\u00f3n, el s\u00e1ndalo y el cedro crean una sensaci\u00f3n cremosa y ahumada, complementada por un ligero toque de iris. La base, con acordes de cuero, \u00e1mbar y almizcle, aporta profundidad y sensualidad, dejando una estela moderna, reconfortante y de fuerte personalidad.<\/p>\n","protected":false},"excerpt":{"rendered":"<p>Recuerda a Santal 33 de Le Labo<\/p>\n","protected":false},"featured_media":3774,"comment_status":"open","ping_status":"closed","template":"","meta":[],"product_brand":[],"product_cat":[622],"product_tag":[29],"class_list":{"0":"post-847","1":"product","2":"type-product","3":"status-publish","4":"has-post-thumbnail","6":"product_cat-le-labo","7":"product_tag-unisex","9":"first","10":"instock","11":"shipping-taxable","12":"product-type-simple"},"_links":{"self":[{"href":"https:\/\/divainers.com\/ro\/wp-json\/wp\/v2\/product\/847","targetHints":{"allow":["GET"]}}],"collection":[{"href":"https:\/\/divainers.com\/ro\/wp-json\/wp\/v2\/product"}],"about":[{"href":"https:\/\/divainers.com\/ro\/wp-json\/wp\/v2\/types\/product"}],"replies":[{"embeddable":true,"href":"https:\/\/divainers.com\/ro\/wp-json\/wp\/v2\/comments?post=847"}],"wp:featuredmedia":[{"embeddable":true,"href":"https:\/\/divainers.com\/ro\/wp-json\/wp\/v2\/media\/3774"}],"wp:attachment":[{"href":"https:\/\/divainers.com\/ro\/wp-json\/wp\/v2\/media?parent=847"}],"wp:term":[{"taxonomy":"product_brand","embeddable":true,"href":"https:\/\/divainers.com\/ro\/wp-json\/wp\/v2\/product_brand?post=847"},{"taxonomy":"product_cat","embeddable":true,"href":"https:\/\/divainers.com\/ro\/wp-json\/wp\/v2\/product_cat?post=847"},{"taxonomy":"product_tag","embeddable":true,"href":"https:\/\/divainers.com\/ro\/wp-json\/wp\/v2\/product_tag?post=847"}],"curies":[{"name":"wp","href":"https:\/\/api.w.org\/{rel}","templated":true}]}}