{"id":8492,"date":"2025-01-31T08:31:54","date_gmt":"2025-01-31T07:31:54","guid":{"rendered":"https:\/\/divainers.com\/producto\/divain-060\/"},"modified":"2026-04-30T09:51:25","modified_gmt":"2026-04-30T07:51:25","slug":"divain-060","status":"publish","type":"product","link":"https:\/\/divainers.com\/ro\/producto\/divain-060\/","title":{"rendered":"divain.060"},"content":{"rendered":"<p>Un parfum dulce \u0219i fermec\u0103tor care evoc\u0103 o lume a fanteziei \u0219i romantismului. Deschiderea sa sclipitoare de kiwi, lychee ro\u0219u \u0219i gutuie aduce o not\u0103 fructat\u0103 \u0219i suculent\u0103. \u00cen inim\u0103, iasomia \u0219i ciocolata alb\u0103 creeaz\u0103 o combina\u021bie adictiv\u0103 \u0219i seduc\u0103toare. La baz\u0103, vanilia, mosc \u0219i notele lemnoase cremoase \u00eenv\u0103luie parfumul \u00eentr-o urm\u0103 cald\u0103 \u0219i \u00eenv\u0103luitoare. Perfect pentru femeia vis\u0103toare, cochet\u0103, cu un spirit magic \u0219i irezistibil.<\/p>\n","protected":false},"excerpt":{"rendered":"<p>Aduce aminte de Fantasy de la Britney Spears<\/p>\n","protected":false},"featured_media":8490,"comment_status":"open","ping_status":"closed","template":"","meta":[],"product_brand":[],"product_cat":[1901],"product_tag":[1450],"class_list":{"0":"post-8492","1":"product","2":"type-product","3":"status-publish","4":"has-post-thumbnail","6":"product_cat-britney-spears","7":"product_tag-femei","9":"first","10":"instock","11":"shipping-taxable","12":"product-type-simple"},"_links":{"self":[{"href":"https:\/\/divainers.com\/ro\/wp-json\/wp\/v2\/product\/8492","targetHints":{"allow":["GET"]}}],"collection":[{"href":"https:\/\/divainers.com\/ro\/wp-json\/wp\/v2\/product"}],"about":[{"href":"https:\/\/divainers.com\/ro\/wp-json\/wp\/v2\/types\/product"}],"replies":[{"embeddable":true,"href":"https:\/\/divainers.com\/ro\/wp-json\/wp\/v2\/comments?post=8492"}],"wp:featuredmedia":[{"embeddable":true,"href":"https:\/\/divainers.com\/ro\/wp-json\/wp\/v2\/media\/8490"}],"wp:attachment":[{"href":"https:\/\/divainers.com\/ro\/wp-json\/wp\/v2\/media?parent=8492"}],"wp:term":[{"taxonomy":"product_brand","embeddable":true,"href":"https:\/\/divainers.com\/ro\/wp-json\/wp\/v2\/product_brand?post=8492"},{"taxonomy":"product_cat","embeddable":true,"href":"https:\/\/divainers.com\/ro\/wp-json\/wp\/v2\/product_cat?post=8492"},{"taxonomy":"product_tag","embeddable":true,"href":"https:\/\/divainers.com\/ro\/wp-json\/wp\/v2\/product_tag?post=8492"}],"curies":[{"name":"wp","href":"https:\/\/api.w.org\/{rel}","templated":true}]}}