{"id":8535,"date":"2025-01-31T08:31:54","date_gmt":"2025-01-31T07:31:54","guid":{"rendered":"https:\/\/divainers.com\/producto\/divain-137\/"},"modified":"2026-04-30T09:51:38","modified_gmt":"2026-04-30T07:51:38","slug":"divain-137","status":"publish","type":"product","link":"https:\/\/divainers.com\/ro\/producto\/divain-137\/","title":{"rendered":"divain.137"},"content":{"rendered":"<p>Un parfum cald \u0219i elegant care \u00eenv\u0103luie sim\u021burile cu senzualitatea sa rafinat\u0103. Deschiderea fructat\u0103 de piersic\u0103, par\u0103 \u0219i coac\u0103ze negre aduce o dulcea\u021b\u0103 suculent\u0103 \u0219i luminoas\u0103. \u00cen inima sa, iasomia \u0219i lemnul de santal creeaz\u0103 o combina\u021bie fin\u0103 \u0219i sofisticat\u0103 care eviden\u021biaz\u0103 feminitatea cu o not\u0103 \u00eenv\u0103luitoare. La baz\u0103, vanilia \u0219i mosc alb las\u0103 o urm\u0103 cald\u0103 \u0219i reconfortant\u0103, perfect\u0103 pentru femeia clasic\u0103, sofisticat\u0103, cu un farmec atemporal care las\u0103 o impresie de neuitat.<\/p>\n","protected":false},"excerpt":{"rendered":"<p>Aduce aminte de Burberry Women de la Burberry<\/p>\n","protected":false},"featured_media":8531,"comment_status":"open","ping_status":"closed","template":"","meta":[],"product_brand":[],"product_cat":[1923],"product_tag":[1450],"class_list":{"0":"post-8535","1":"product","2":"type-product","3":"status-publish","4":"has-post-thumbnail","6":"product_cat-burberry","7":"product_tag-femei","9":"first","10":"instock","11":"shipping-taxable","12":"product-type-simple"},"_links":{"self":[{"href":"https:\/\/divainers.com\/ro\/wp-json\/wp\/v2\/product\/8535","targetHints":{"allow":["GET"]}}],"collection":[{"href":"https:\/\/divainers.com\/ro\/wp-json\/wp\/v2\/product"}],"about":[{"href":"https:\/\/divainers.com\/ro\/wp-json\/wp\/v2\/types\/product"}],"replies":[{"embeddable":true,"href":"https:\/\/divainers.com\/ro\/wp-json\/wp\/v2\/comments?post=8535"}],"wp:featuredmedia":[{"embeddable":true,"href":"https:\/\/divainers.com\/ro\/wp-json\/wp\/v2\/media\/8531"}],"wp:attachment":[{"href":"https:\/\/divainers.com\/ro\/wp-json\/wp\/v2\/media?parent=8535"}],"wp:term":[{"taxonomy":"product_brand","embeddable":true,"href":"https:\/\/divainers.com\/ro\/wp-json\/wp\/v2\/product_brand?post=8535"},{"taxonomy":"product_cat","embeddable":true,"href":"https:\/\/divainers.com\/ro\/wp-json\/wp\/v2\/product_cat?post=8535"},{"taxonomy":"product_tag","embeddable":true,"href":"https:\/\/divainers.com\/ro\/wp-json\/wp\/v2\/product_tag?post=8535"}],"curies":[{"name":"wp","href":"https:\/\/api.w.org\/{rel}","templated":true}]}}