{"id":864,"date":"2025-01-31T08:32:55","date_gmt":"2025-01-31T07:32:55","guid":{"rendered":"https:\/\/divainers.com\/producto\/divain-429\/"},"modified":"2026-03-16T16:07:58","modified_gmt":"2026-03-16T15:07:58","slug":"divain-429","status":"publish","type":"product","link":"https:\/\/divainers.com\/ro\/producto\/divain-429\/","title":{"rendered":"divain.429"},"content":{"rendered":"<p>Una fragancia intensa y sofisticada que combina tradici\u00f3n y modernidad en un elixir magn\u00e9tico. Desde la primera impresi\u00f3n, una explosi\u00f3n especiada y arom\u00e1tica, con toques vibrantes de cardamomo y bergamota, despierta los sentidos con elegancia. En su coraz\u00f3n, el poder de las maderas nobles y el l\u00e1dano se funden con un acorde herbal, aportando profundidad y car\u00e1cter. Finalmente, un fondo ambarado y almizclado envuelve la piel con una estela c\u00e1lida, envolvente y duradera. Un perfume distinguido y carism\u00e1tico, perfecto para quienes buscan un aroma atemporal con un toque contempor\u00e1neo e inolvidable.<\/p>\n","protected":false},"excerpt":{"rendered":"<p>Recuerda a Esencia Elixir de Loewe<\/p>\n","protected":false},"featured_media":3667,"comment_status":"open","ping_status":"closed","template":"","meta":[],"product_brand":[],"product_cat":[1519],"product_tag":[1363],"class_list":{"0":"post-864","1":"product","2":"type-product","3":"status-publish","4":"has-post-thumbnail","6":"product_cat-loewe","7":"product_tag-mezczyzni","9":"first","10":"instock","11":"shipping-taxable","12":"product-type-simple"},"_links":{"self":[{"href":"https:\/\/divainers.com\/ro\/wp-json\/wp\/v2\/product\/864","targetHints":{"allow":["GET"]}}],"collection":[{"href":"https:\/\/divainers.com\/ro\/wp-json\/wp\/v2\/product"}],"about":[{"href":"https:\/\/divainers.com\/ro\/wp-json\/wp\/v2\/types\/product"}],"replies":[{"embeddable":true,"href":"https:\/\/divainers.com\/ro\/wp-json\/wp\/v2\/comments?post=864"}],"wp:featuredmedia":[{"embeddable":true,"href":"https:\/\/divainers.com\/ro\/wp-json\/wp\/v2\/media\/3667"}],"wp:attachment":[{"href":"https:\/\/divainers.com\/ro\/wp-json\/wp\/v2\/media?parent=864"}],"wp:term":[{"taxonomy":"product_brand","embeddable":true,"href":"https:\/\/divainers.com\/ro\/wp-json\/wp\/v2\/product_brand?post=864"},{"taxonomy":"product_cat","embeddable":true,"href":"https:\/\/divainers.com\/ro\/wp-json\/wp\/v2\/product_cat?post=864"},{"taxonomy":"product_tag","embeddable":true,"href":"https:\/\/divainers.com\/ro\/wp-json\/wp\/v2\/product_tag?post=864"}],"curies":[{"name":"wp","href":"https:\/\/api.w.org\/{rel}","templated":true}]}}