{"id":8662,"date":"2025-01-31T08:33:38","date_gmt":"2025-01-31T07:33:38","guid":{"rendered":"https:\/\/divainers.com\/producto\/divain-659\/"},"modified":"2026-04-30T09:52:24","modified_gmt":"2026-04-30T07:52:24","slug":"divain-659","status":"publish","type":"product","link":"https:\/\/divainers.com\/ro\/producto\/divain-659\/","title":{"rendered":"divain.659"},"content":{"rendered":"<p>O arom\u0103 care debordeaz\u0103 de senzualitate \u0219i mister, perfect\u0103 pentru femeia care dore\u0219te s\u0103 captiveze cu o urm\u0103 unic\u0103. \u00cencepe cu un amestec fructat \u0219i suculent, unde notele de prun\u0103 \u0219i zmeur\u0103 adaug\u0103 o prospe\u021bime dulce, \u00eenso\u021bit\u0103 de o atingere floral\u0103 delicat\u0103. Inima se umple cu un acord subtil de flori exotice, precum iasomia, care aduce o senzualitate feminin\u0103 \u0219i \u00eenv\u0103luitoare. \u00cen cele din urm\u0103, notele de baz\u0103 de lemn de santal \u0219i mosc creeaz\u0103 o baz\u0103 cald\u0103 \u0219i p\u0103m\u00e2ntoas\u0103, l\u0103s\u00e2nd o senza\u021bie de fine\u021be \u0219i profunzime care persist\u0103.<\/p>\n","protected":false},"excerpt":{"rendered":"<p>Aminte\u0219te de Forbidden de la Victoria&#8217;s Secret<\/p>\n","protected":false},"featured_media":8657,"comment_status":"open","ping_status":"closed","template":"","meta":[],"product_brand":[],"product_cat":[1986],"product_tag":[1450],"class_list":{"0":"post-8662","1":"product","2":"type-product","3":"status-publish","4":"has-post-thumbnail","6":"product_cat-victorias-secret","7":"product_tag-femei","9":"first","10":"instock","11":"shipping-taxable","12":"product-type-simple"},"_links":{"self":[{"href":"https:\/\/divainers.com\/ro\/wp-json\/wp\/v2\/product\/8662","targetHints":{"allow":["GET"]}}],"collection":[{"href":"https:\/\/divainers.com\/ro\/wp-json\/wp\/v2\/product"}],"about":[{"href":"https:\/\/divainers.com\/ro\/wp-json\/wp\/v2\/types\/product"}],"replies":[{"embeddable":true,"href":"https:\/\/divainers.com\/ro\/wp-json\/wp\/v2\/comments?post=8662"}],"wp:featuredmedia":[{"embeddable":true,"href":"https:\/\/divainers.com\/ro\/wp-json\/wp\/v2\/media\/8657"}],"wp:attachment":[{"href":"https:\/\/divainers.com\/ro\/wp-json\/wp\/v2\/media?parent=8662"}],"wp:term":[{"taxonomy":"product_brand","embeddable":true,"href":"https:\/\/divainers.com\/ro\/wp-json\/wp\/v2\/product_brand?post=8662"},{"taxonomy":"product_cat","embeddable":true,"href":"https:\/\/divainers.com\/ro\/wp-json\/wp\/v2\/product_cat?post=8662"},{"taxonomy":"product_tag","embeddable":true,"href":"https:\/\/divainers.com\/ro\/wp-json\/wp\/v2\/product_tag?post=8662"}],"curies":[{"name":"wp","href":"https:\/\/api.w.org\/{rel}","templated":true}]}}