{"id":871,"date":"2025-01-31T08:32:56","date_gmt":"2025-01-31T07:32:56","guid":{"rendered":"https:\/\/divainers.com\/producto\/divain-074\/"},"modified":"2026-03-16T16:07:59","modified_gmt":"2026-03-16T15:07:59","slug":"divain-074","status":"publish","type":"product","link":"https:\/\/divainers.com\/ro\/producto\/divain-074\/","title":{"rendered":"divain.074"},"content":{"rendered":"<p>Un aroma m\u00e1gico y envolvente que transporta a un mundo de fantas\u00eda y sensualidad. Su apertura dulce y chispeante de cereza y an\u00eds estrellado despierta los sentidos con un toque gourmand y especiado. En el coraz\u00f3n, la violeta y el regaliz crean una combinaci\u00f3n floral y misteriosa, envolviendo la fragancia en un aura rom\u00e1ntica y adictiva. En el fondo, la vainilla, el almizcle y el pralin\u00e9 dejan una estela c\u00e1lida y envolvente, perfecta para la mujer so\u00f1adora, encantadora y con un magnetismo irresistible.<\/p>\n","protected":false},"excerpt":{"rendered":"<p>Recuerda a Lolita Lempicka de Lolita Lempicka<\/p>\n","protected":false},"featured_media":3357,"comment_status":"open","ping_status":"closed","template":"","meta":[],"product_brand":[],"product_cat":[648],"product_tag":[1424],"class_list":{"0":"post-871","1":"product","2":"type-product","3":"status-publish","4":"has-post-thumbnail","6":"product_cat-lolita-lempicka","7":"product_tag-femmes","9":"first","10":"instock","11":"shipping-taxable","12":"product-type-simple"},"_links":{"self":[{"href":"https:\/\/divainers.com\/ro\/wp-json\/wp\/v2\/product\/871","targetHints":{"allow":["GET"]}}],"collection":[{"href":"https:\/\/divainers.com\/ro\/wp-json\/wp\/v2\/product"}],"about":[{"href":"https:\/\/divainers.com\/ro\/wp-json\/wp\/v2\/types\/product"}],"replies":[{"embeddable":true,"href":"https:\/\/divainers.com\/ro\/wp-json\/wp\/v2\/comments?post=871"}],"wp:featuredmedia":[{"embeddable":true,"href":"https:\/\/divainers.com\/ro\/wp-json\/wp\/v2\/media\/3357"}],"wp:attachment":[{"href":"https:\/\/divainers.com\/ro\/wp-json\/wp\/v2\/media?parent=871"}],"wp:term":[{"taxonomy":"product_brand","embeddable":true,"href":"https:\/\/divainers.com\/ro\/wp-json\/wp\/v2\/product_brand?post=871"},{"taxonomy":"product_cat","embeddable":true,"href":"https:\/\/divainers.com\/ro\/wp-json\/wp\/v2\/product_cat?post=871"},{"taxonomy":"product_tag","embeddable":true,"href":"https:\/\/divainers.com\/ro\/wp-json\/wp\/v2\/product_tag?post=871"}],"curies":[{"name":"wp","href":"https:\/\/api.w.org\/{rel}","templated":true}]}}