{"id":884,"date":"2025-01-31T08:32:57","date_gmt":"2025-01-31T07:32:57","guid":{"rendered":"https:\/\/divainers.com\/producto\/divain-454\/"},"modified":"2026-03-16T16:08:01","modified_gmt":"2026-03-16T15:08:01","slug":"divain-454","status":"publish","type":"product","link":"https:\/\/divainers.com\/ro\/producto\/divain-454\/","title":{"rendered":"divain.454"},"content":{"rendered":"<p>Un aroma cautivador y sofisticado que celebra el amor con una fusi\u00f3n de frescura, calidez y sensualidad. Desde el primer instante, una explosi\u00f3n chispeante de c\u00edtricos y frutos rojos despierta los sentidos con una energ\u00eda vibrante y alegre. En su coraz\u00f3n, la delicadeza de las flores blancas se entrelaza con un toque especiado, aportando elegancia y profundidad. Finalmente, un fondo cremoso de vainilla, almizcle y maderas suaves deja una estela envolvente, seductora y duradera. Un perfume rom\u00e1ntico y magn\u00e9tico, ideal para quienes buscan una fragancia sofisticada, apasionada y con un aura irresistible.<\/p>\n","protected":false},"excerpt":{"rendered":"<p>Recuerda a LV Lovers de Louis Vuitton<\/p>\n","protected":false},"featured_media":3578,"comment_status":"open","ping_status":"closed","template":"","meta":[],"product_brand":[],"product_cat":[651],"product_tag":[1371],"class_list":{"0":"post-884","1":"product","2":"type-product","3":"status-publish","4":"has-post-thumbnail","6":"product_cat-louis-vuitton","7":"product_tag-homens","9":"first","10":"instock","11":"shipping-taxable","12":"product-type-simple"},"_links":{"self":[{"href":"https:\/\/divainers.com\/ro\/wp-json\/wp\/v2\/product\/884","targetHints":{"allow":["GET"]}}],"collection":[{"href":"https:\/\/divainers.com\/ro\/wp-json\/wp\/v2\/product"}],"about":[{"href":"https:\/\/divainers.com\/ro\/wp-json\/wp\/v2\/types\/product"}],"replies":[{"embeddable":true,"href":"https:\/\/divainers.com\/ro\/wp-json\/wp\/v2\/comments?post=884"}],"wp:featuredmedia":[{"embeddable":true,"href":"https:\/\/divainers.com\/ro\/wp-json\/wp\/v2\/media\/3578"}],"wp:attachment":[{"href":"https:\/\/divainers.com\/ro\/wp-json\/wp\/v2\/media?parent=884"}],"wp:term":[{"taxonomy":"product_brand","embeddable":true,"href":"https:\/\/divainers.com\/ro\/wp-json\/wp\/v2\/product_brand?post=884"},{"taxonomy":"product_cat","embeddable":true,"href":"https:\/\/divainers.com\/ro\/wp-json\/wp\/v2\/product_cat?post=884"},{"taxonomy":"product_tag","embeddable":true,"href":"https:\/\/divainers.com\/ro\/wp-json\/wp\/v2\/product_tag?post=884"}],"curies":[{"name":"wp","href":"https:\/\/api.w.org\/{rel}","templated":true}]}}