{"id":9189,"date":"2025-01-31T08:33:39","date_gmt":"2025-01-31T07:33:39","guid":{"rendered":"https:\/\/divainers.com\/producto\/divain-100\/"},"modified":"2026-04-30T09:54:41","modified_gmt":"2026-04-30T07:54:41","slug":"divain-100","status":"publish","type":"product","link":"https:\/\/divainers.com\/ro\/producto\/divain-100\/","title":{"rendered":"divain.100"},"content":{"rendered":"<p>Un parfum pur \u0219i natural care evoc\u0103 prospe\u021bimea dimine\u021bii \u0219i delicate\u021bea naturii. Deschiderea sa luminoas\u0103 de citrice \u0219i frunze verzi aduce o senza\u021bie revigorant\u0103 \u0219i u\u0219oar\u0103. \u00cen inim\u0103, un buchet floral de iasomie, trandafir \u0219i l\u0103cr\u0103mioare \u00eenv\u0103luie parfumul cu o feminitate fin\u0103 \u0219i elegant\u0103. La baz\u0103, mosc \u0219i lemnul de cedru creeaz\u0103 o urm\u0103 cald\u0103 \u0219i \u00eenv\u0103luitoare, perfect\u0103 pentru femeia romantic\u0103, senin\u0103 \u0219i cu un farmec subtil care las\u0103 o amprent\u0103.<\/p>\n","protected":false},"excerpt":{"rendered":"<p>Aminte\u0219te de Agua de Rocio de la Victorio &#038; Lucchino<\/p>\n","protected":false},"featured_media":9188,"comment_status":"open","ping_status":"closed","template":"","meta":[],"product_brand":[],"product_cat":[2235],"product_tag":[1452],"class_list":{"0":"post-9189","1":"product","2":"type-product","3":"status-publish","4":"has-post-thumbnail","6":"product_cat-victorio-lucchino","7":"product_tag-sievietes","9":"first","10":"instock","11":"shipping-taxable","12":"product-type-simple"},"_links":{"self":[{"href":"https:\/\/divainers.com\/ro\/wp-json\/wp\/v2\/product\/9189","targetHints":{"allow":["GET"]}}],"collection":[{"href":"https:\/\/divainers.com\/ro\/wp-json\/wp\/v2\/product"}],"about":[{"href":"https:\/\/divainers.com\/ro\/wp-json\/wp\/v2\/types\/product"}],"replies":[{"embeddable":true,"href":"https:\/\/divainers.com\/ro\/wp-json\/wp\/v2\/comments?post=9189"}],"wp:featuredmedia":[{"embeddable":true,"href":"https:\/\/divainers.com\/ro\/wp-json\/wp\/v2\/media\/9188"}],"wp:attachment":[{"href":"https:\/\/divainers.com\/ro\/wp-json\/wp\/v2\/media?parent=9189"}],"wp:term":[{"taxonomy":"product_brand","embeddable":true,"href":"https:\/\/divainers.com\/ro\/wp-json\/wp\/v2\/product_brand?post=9189"},{"taxonomy":"product_cat","embeddable":true,"href":"https:\/\/divainers.com\/ro\/wp-json\/wp\/v2\/product_cat?post=9189"},{"taxonomy":"product_tag","embeddable":true,"href":"https:\/\/divainers.com\/ro\/wp-json\/wp\/v2\/product_tag?post=9189"}],"curies":[{"name":"wp","href":"https:\/\/api.w.org\/{rel}","templated":true}]}}