{"id":927,"date":"2025-01-31T08:33:03","date_gmt":"2025-01-31T07:33:03","guid":{"rendered":"https:\/\/divainers.com\/producto\/divain-186\/"},"modified":"2026-03-16T16:08:05","modified_gmt":"2026-03-16T15:08:05","slug":"divain-186","status":"publish","type":"product","link":"https:\/\/divainers.com\/ro\/producto\/divain-186\/","title":{"rendered":"divain.186"},"content":{"rendered":"<p>Un perfume radiante y juvenil que evoca la frescura de un campo de margaritas bajo el sol. Su apertura chispeante combina la dulzura jugosa de las fresas silvestres con la frescura c\u00edtrica del pomelo y la suavidad de la violeta, creando una sensaci\u00f3n ligera y alegre. En el coraz\u00f3n, un delicado bouquet floral de gardenia y jazm\u00edn aporta feminidad y sofisticaci\u00f3n. Finalmente, en el fondo, la calidez del almizcle, la vainilla y maderas blancas envuelve la fragancia con un toque sutilmente cremoso y envolvente. Perfecto para la mujer espont\u00e1nea y rom\u00e1ntica que busca un aroma fresco, luminoso y lleno de encanto.<\/p>\n","protected":false},"excerpt":{"rendered":"<p>Recuerda a Daisy de Marc Jacobs<\/p>\n","protected":false},"featured_media":3659,"comment_status":"open","ping_status":"closed","template":"","meta":[],"product_brand":[],"product_cat":[709],"product_tag":[1450],"class_list":{"0":"post-927","1":"product","2":"type-product","3":"status-publish","4":"has-post-thumbnail","6":"product_cat-marc-jacobs","7":"product_tag-femei","9":"first","10":"instock","11":"shipping-taxable","12":"product-type-simple"},"_links":{"self":[{"href":"https:\/\/divainers.com\/ro\/wp-json\/wp\/v2\/product\/927","targetHints":{"allow":["GET"]}}],"collection":[{"href":"https:\/\/divainers.com\/ro\/wp-json\/wp\/v2\/product"}],"about":[{"href":"https:\/\/divainers.com\/ro\/wp-json\/wp\/v2\/types\/product"}],"replies":[{"embeddable":true,"href":"https:\/\/divainers.com\/ro\/wp-json\/wp\/v2\/comments?post=927"}],"wp:featuredmedia":[{"embeddable":true,"href":"https:\/\/divainers.com\/ro\/wp-json\/wp\/v2\/media\/3659"}],"wp:attachment":[{"href":"https:\/\/divainers.com\/ro\/wp-json\/wp\/v2\/media?parent=927"}],"wp:term":[{"taxonomy":"product_brand","embeddable":true,"href":"https:\/\/divainers.com\/ro\/wp-json\/wp\/v2\/product_brand?post=927"},{"taxonomy":"product_cat","embeddable":true,"href":"https:\/\/divainers.com\/ro\/wp-json\/wp\/v2\/product_cat?post=927"},{"taxonomy":"product_tag","embeddable":true,"href":"https:\/\/divainers.com\/ro\/wp-json\/wp\/v2\/product_tag?post=927"}],"curies":[{"name":"wp","href":"https:\/\/api.w.org\/{rel}","templated":true}]}}