{"id":9457,"date":"2025-01-31T08:32:10","date_gmt":"2025-01-31T07:32:10","guid":{"rendered":"https:\/\/divainers.com\/producto\/divain-935\/"},"modified":"2026-04-30T09:55:37","modified_gmt":"2026-04-30T07:55:37","slug":"divain-935","status":"publish","type":"product","link":"https:\/\/divainers.com\/ro\/producto\/divain-935\/","title":{"rendered":"divain.935"},"content":{"rendered":"<p>O arom\u0103 vibrant\u0103 \u0219i str\u0103lucitoare care treze\u0219te sim\u021burile cu o explozie de prospe\u021bime \u0219i energie. De la prima pulverizare, notele citrice de portocal\u0103 \u0219i l\u0103m\u00e2ie se \u00eembin\u0103 cu o atingere de mandarin\u0103, cre\u00e2nd o senza\u021bie de lumin\u0103 \u0219i vitalitate, ca o raz\u0103 de soare \u00eentr-o zi radiant\u0103. Pe m\u0103sur\u0103 ce parfumul se desf\u0103\u0219oar\u0103, un acord floral delicat de iasomie \u0219i trandafiri adaug\u0103 o fine\u021be feminin\u0103, \u00een timp ce o baz\u0103 cald\u0103 de mosc \u0219i cedru ofer\u0103 o funda\u021bie lemnoas\u0103 care echilibreaz\u0103 prospe\u021bimea \u0219i delicate\u021bea. Acest parfum este perfect pentru cei care caut\u0103 o experien\u021b\u0103 olfactiv\u0103 revigorant\u0103 \u0219i plin\u0103 de bucurie, l\u0103s\u00e2nd o urm\u0103 u\u0219oar\u0103, proasp\u0103t\u0103 \u0219i plin\u0103 de vitalitate, ideal\u0103 pentru momente de libertate \u0219i optimism.<\/p>\n","protected":false},"excerpt":{"rendered":"<p>Aduce aminte de Chispas de Dana<\/p>\n","protected":false},"featured_media":3215,"comment_status":"open","ping_status":"closed","template":"","meta":[],"product_brand":[],"product_cat":[2338],"product_tag":[2339],"class_list":{"0":"post-9457","1":"product","2":"type-product","3":"status-publish","4":"has-post-thumbnail","6":"product_cat-dana","7":"product_tag-ninos-y-ninas","9":"first","10":"instock","11":"shipping-taxable","12":"product-type-simple"},"_links":{"self":[{"href":"https:\/\/divainers.com\/ro\/wp-json\/wp\/v2\/product\/9457","targetHints":{"allow":["GET"]}}],"collection":[{"href":"https:\/\/divainers.com\/ro\/wp-json\/wp\/v2\/product"}],"about":[{"href":"https:\/\/divainers.com\/ro\/wp-json\/wp\/v2\/types\/product"}],"replies":[{"embeddable":true,"href":"https:\/\/divainers.com\/ro\/wp-json\/wp\/v2\/comments?post=9457"}],"wp:featuredmedia":[{"embeddable":true,"href":"https:\/\/divainers.com\/ro\/wp-json\/wp\/v2\/media\/3215"}],"wp:attachment":[{"href":"https:\/\/divainers.com\/ro\/wp-json\/wp\/v2\/media?parent=9457"}],"wp:term":[{"taxonomy":"product_brand","embeddable":true,"href":"https:\/\/divainers.com\/ro\/wp-json\/wp\/v2\/product_brand?post=9457"},{"taxonomy":"product_cat","embeddable":true,"href":"https:\/\/divainers.com\/ro\/wp-json\/wp\/v2\/product_cat?post=9457"},{"taxonomy":"product_tag","embeddable":true,"href":"https:\/\/divainers.com\/ro\/wp-json\/wp\/v2\/product_tag?post=9457"}],"curies":[{"name":"wp","href":"https:\/\/api.w.org\/{rel}","templated":true}]}}