{"id":1102,"date":"2025-01-31T08:33:26","date_gmt":"2025-01-31T07:33:26","guid":{"rendered":"https:\/\/divainers.com\/producto\/divain-397\/"},"modified":"2026-03-16T16:08:21","modified_gmt":"2026-03-16T15:08:21","slug":"divain-397","status":"publish","type":"product","link":"https:\/\/divainers.com\/sl\/producto\/divain-397\/","title":{"rendered":"divain.397"},"content":{"rendered":"<p>Una composici\u00f3n opulenta y majestuosa que captura la esencia del oud en su m\u00e1xima expresi\u00f3n. Su combinaci\u00f3n de maderas nobles, especias ex\u00f3ticas y resinas profundas crea una estela intensa y envolvente, evocando lujo y tradici\u00f3n en cada acorde.<\/p>\n","protected":false},"excerpt":{"rendered":"<p>Recuerda a Oud de Spirit de Spirit of Dubai<\/p>\n","protected":false},"featured_media":4460,"comment_status":"open","ping_status":"closed","template":"","meta":[],"product_brand":[],"product_cat":[917],"product_tag":[1386],"class_list":{"0":"post-1102","1":"product","2":"type-product","3":"status-publish","4":"has-post-thumbnail","6":"product_cat-spirit-of-dubai","7":"product_tag-unissex","9":"first","10":"instock","11":"shipping-taxable","12":"product-type-simple"},"_links":{"self":[{"href":"https:\/\/divainers.com\/sl\/wp-json\/wp\/v2\/product\/1102","targetHints":{"allow":["GET"]}}],"collection":[{"href":"https:\/\/divainers.com\/sl\/wp-json\/wp\/v2\/product"}],"about":[{"href":"https:\/\/divainers.com\/sl\/wp-json\/wp\/v2\/types\/product"}],"replies":[{"embeddable":true,"href":"https:\/\/divainers.com\/sl\/wp-json\/wp\/v2\/comments?post=1102"}],"wp:featuredmedia":[{"embeddable":true,"href":"https:\/\/divainers.com\/sl\/wp-json\/wp\/v2\/media\/4460"}],"wp:attachment":[{"href":"https:\/\/divainers.com\/sl\/wp-json\/wp\/v2\/media?parent=1102"}],"wp:term":[{"taxonomy":"product_brand","embeddable":true,"href":"https:\/\/divainers.com\/sl\/wp-json\/wp\/v2\/product_brand?post=1102"},{"taxonomy":"product_cat","embeddable":true,"href":"https:\/\/divainers.com\/sl\/wp-json\/wp\/v2\/product_cat?post=1102"},{"taxonomy":"product_tag","embeddable":true,"href":"https:\/\/divainers.com\/sl\/wp-json\/wp\/v2\/product_tag?post=1102"}],"curies":[{"name":"wp","href":"https:\/\/api.w.org\/{rel}","templated":true}]}}