{"id":1117,"date":"2025-01-31T08:33:27","date_gmt":"2025-01-31T07:33:27","guid":{"rendered":"https:\/\/divainers.com\/producto\/divain-797\/"},"modified":"2026-04-30T16:14:00","modified_gmt":"2026-04-30T14:14:00","slug":"divain-797","status":"publish","type":"product","link":"https:\/\/divainers.com\/sl\/producto\/divain-797\/","title":{"rendered":"divain.797"},"content":{"rendered":"<p>Ovaj \u017eenski miris zapo\u010dinje za\u010dinjenim i blistavim otvaranjem, gdje ru\u017ei\u010dasti papar dodaje pikantan i \u017eivahan dodir. U srcu, buket bijelog cvije\u0107a sastavljen od jasmina, ylang-ylanga, cvijeta naran\u010de i sandalovine donosi bogat i egzoti\u010dan cvjetni dojam koji obavija osjetila. Osnova od Bourbon vanilije i Amber Xtremea dodaje toplu slatko\u0107u i jantarni dubinski ton, zaokru\u017euju\u0107i kompoziciju koja odra\u017eava modernu i sofisticiranu \u017eenstvenost. Lansiran 2023. godine, ovaj miris pru\u017ea jedinstveno senzorno iskustvo koje traje.<\/p>\n","protected":false},"excerpt":{"rendered":"<p>Podsje\u0107a na Angel Elixir od Thierry Mugler<\/p>\n","protected":false},"featured_media":15752,"comment_status":"open","ping_status":"closed","template":"","meta":[],"product_brand":[],"product_cat":[3744],"product_tag":[1434],"class_list":{"0":"post-1117","1":"product","2":"type-product","3":"status-publish","4":"has-post-thumbnail","6":"product_cat-thierry-mugler","7":"product_tag-zene","9":"first","10":"instock","11":"shipping-taxable","12":"product-type-simple"},"_links":{"self":[{"href":"https:\/\/divainers.com\/sl\/wp-json\/wp\/v2\/product\/1117","targetHints":{"allow":["GET"]}}],"collection":[{"href":"https:\/\/divainers.com\/sl\/wp-json\/wp\/v2\/product"}],"about":[{"href":"https:\/\/divainers.com\/sl\/wp-json\/wp\/v2\/types\/product"}],"replies":[{"embeddable":true,"href":"https:\/\/divainers.com\/sl\/wp-json\/wp\/v2\/comments?post=1117"}],"wp:featuredmedia":[{"embeddable":true,"href":"https:\/\/divainers.com\/sl\/wp-json\/wp\/v2\/media\/15752"}],"wp:attachment":[{"href":"https:\/\/divainers.com\/sl\/wp-json\/wp\/v2\/media?parent=1117"}],"wp:term":[{"taxonomy":"product_brand","embeddable":true,"href":"https:\/\/divainers.com\/sl\/wp-json\/wp\/v2\/product_brand?post=1117"},{"taxonomy":"product_cat","embeddable":true,"href":"https:\/\/divainers.com\/sl\/wp-json\/wp\/v2\/product_cat?post=1117"},{"taxonomy":"product_tag","embeddable":true,"href":"https:\/\/divainers.com\/sl\/wp-json\/wp\/v2\/product_tag?post=1117"}],"curies":[{"name":"wp","href":"https:\/\/api.w.org\/{rel}","templated":true}]}}