{"id":11309,"date":"2025-01-31T08:33:26","date_gmt":"2025-01-31T07:33:26","guid":{"rendered":"https:\/\/divainers.com\/producto\/divain-544\/"},"modified":"2026-04-30T10:50:12","modified_gmt":"2026-04-30T08:50:12","slug":"divain-544","status":"publish","type":"product","link":"https:\/\/divainers.com\/sl\/producto\/divain-544\/","title":{"rendered":"divain.544"},"content":{"rendered":"<p>Ne\u017een in svetel vonj, ki prikli\u010de subtilno eleganco in sve\u017eino dragocenega dragulja. \u017de ob odprtju me\u0161anica sve\u017eih citrusov in zelenih listov prebudi \u010dute z \u017eivahnim in osve\u017eujo\u010dim ob\u010dutkom. V srcu cvetli\u010dna \u0161opek vrtnice, jasmina in \u0161marnice prina\u0161a mehko in prefinjeno \u017eenstvenost, medtem ko kan\u010dek maline doda rahlo in sadno sladkost. Na koncu baza mo\u0161usa, cedrovine in vanilije pusti topel, objemajo\u010d in senzualen sled. Idealni parfum za tiste, ki i\u0161\u010dejo sve\u017e, cvetli\u010dni in eleganten vonj, popoln za vsakdanjo uporabo ali posebne prilo\u017enosti, polne svetlobe in miline.<\/p>\n","protected":false},"excerpt":{"rendered":"<p>Spominja na Aura od Swarovski<\/p>\n","protected":false},"featured_media":11305,"comment_status":"open","ping_status":"closed","template":"","meta":[],"product_brand":[],"product_cat":[3228],"product_tag":[1446],"class_list":{"0":"post-11309","1":"product","2":"type-product","3":"status-publish","4":"has-post-thumbnail","6":"product_cat-swarovski","7":"product_tag-zenske","9":"first","10":"instock","11":"shipping-taxable","12":"product-type-simple"},"_links":{"self":[{"href":"https:\/\/divainers.com\/sl\/wp-json\/wp\/v2\/product\/11309","targetHints":{"allow":["GET"]}}],"collection":[{"href":"https:\/\/divainers.com\/sl\/wp-json\/wp\/v2\/product"}],"about":[{"href":"https:\/\/divainers.com\/sl\/wp-json\/wp\/v2\/types\/product"}],"replies":[{"embeddable":true,"href":"https:\/\/divainers.com\/sl\/wp-json\/wp\/v2\/comments?post=11309"}],"wp:featuredmedia":[{"embeddable":true,"href":"https:\/\/divainers.com\/sl\/wp-json\/wp\/v2\/media\/11305"}],"wp:attachment":[{"href":"https:\/\/divainers.com\/sl\/wp-json\/wp\/v2\/media?parent=11309"}],"wp:term":[{"taxonomy":"product_brand","embeddable":true,"href":"https:\/\/divainers.com\/sl\/wp-json\/wp\/v2\/product_brand?post=11309"},{"taxonomy":"product_cat","embeddable":true,"href":"https:\/\/divainers.com\/sl\/wp-json\/wp\/v2\/product_cat?post=11309"},{"taxonomy":"product_tag","embeddable":true,"href":"https:\/\/divainers.com\/sl\/wp-json\/wp\/v2\/product_tag?post=11309"}],"curies":[{"name":"wp","href":"https:\/\/api.w.org\/{rel}","templated":true}]}}