{"id":1135,"date":"2025-01-31T08:33:31","date_gmt":"2025-01-31T07:33:31","guid":{"rendered":"https:\/\/divainers.com\/producto\/divain-595\/"},"modified":"2026-04-30T16:10:02","modified_gmt":"2026-04-30T14:10:02","slug":"divain-595","status":"publish","type":"product","link":"https:\/\/divainers.com\/sl\/producto\/divain-595\/","title":{"rendered":"divain.595"},"content":{"rendered":"<p>Sjajan, egzoti\u010dan i sofisticiran miris koji vas odvodi na rajski bijeg gdje sunce grije zlatnu ko\u017eu. Od samog po\u010detka, vibrantna svje\u017eina bergamota i kardamoma mije\u0161a se s za\u010dinskim i blistavim notama. U srcu, kremasti kokos i ylang-ylang stapaju se s rasko\u0161nim jasminom, prizivaju\u0107i toplinu bijelog pijeska i sjaj sunca. Na kraju, baza od tonka graha, benzoina i jantara obavija miris senzualnim i zaraznim tragom, ostavljaju\u0107i osje\u0107aj luksuza i opu\u0161tanja. Idealni parfem za one koji tra\u017ee cvjetni, sun\u010dani miris s ambrijskim i kremastim notama, savr\u0161en za zra\u010denje sofisticirano\u0161\u0107u i u\u017eitkom u svakom trenutku.<\/p>\n","protected":false},"excerpt":{"rendered":"<p>Podsje\u0107a na Soleil Blanc od Tom Ford<\/p>\n","protected":false},"featured_media":15571,"comment_status":"open","ping_status":"closed","template":"","meta":[],"product_brand":[],"product_cat":[4265],"product_tag":[1389],"class_list":{"0":"post-1135","1":"product","2":"type-product","3":"status-publish","4":"has-post-thumbnail","6":"product_cat-tom-ford","7":"product_tag-unisex","9":"first","10":"instock","11":"shipping-taxable","12":"product-type-simple"},"_links":{"self":[{"href":"https:\/\/divainers.com\/sl\/wp-json\/wp\/v2\/product\/1135","targetHints":{"allow":["GET"]}}],"collection":[{"href":"https:\/\/divainers.com\/sl\/wp-json\/wp\/v2\/product"}],"about":[{"href":"https:\/\/divainers.com\/sl\/wp-json\/wp\/v2\/types\/product"}],"replies":[{"embeddable":true,"href":"https:\/\/divainers.com\/sl\/wp-json\/wp\/v2\/comments?post=1135"}],"wp:featuredmedia":[{"embeddable":true,"href":"https:\/\/divainers.com\/sl\/wp-json\/wp\/v2\/media\/15571"}],"wp:attachment":[{"href":"https:\/\/divainers.com\/sl\/wp-json\/wp\/v2\/media?parent=1135"}],"wp:term":[{"taxonomy":"product_brand","embeddable":true,"href":"https:\/\/divainers.com\/sl\/wp-json\/wp\/v2\/product_brand?post=1135"},{"taxonomy":"product_cat","embeddable":true,"href":"https:\/\/divainers.com\/sl\/wp-json\/wp\/v2\/product_cat?post=1135"},{"taxonomy":"product_tag","embeddable":true,"href":"https:\/\/divainers.com\/sl\/wp-json\/wp\/v2\/product_tag?post=1135"}],"curies":[{"name":"wp","href":"https:\/\/api.w.org\/{rel}","templated":true}]}}