{"id":1136,"date":"2025-01-31T08:33:31","date_gmt":"2025-01-31T07:33:31","guid":{"rendered":"https:\/\/divainers.com\/producto\/divain-607\/"},"modified":"2026-04-30T16:10:17","modified_gmt":"2026-04-30T14:10:17","slug":"divain-607","status":"publish","type":"product","link":"https:\/\/divainers.com\/sl\/producto\/divain-607\/","title":{"rendered":"divain.607"},"content":{"rendered":"<p>Vibrantni, osvje\u017eavaju\u0107i i sofisticirani miris koji vas vodi na obalu Amalfija u sun\u010danom danu. Od samog otvaranja, eksplozija so\u010dne mandarine, limuna i bergamota budi osjetila svojom svje\u017einom i svjetlinom. U srcu, bosiljak, menta i estragon donose biljni i aromati\u010dni dodir koji elegantno uravnote\u017euje kompoziciju. Na kraju, baza od jantara, vetivera i bijelog mo\u0161usa ostavlja topao i obavijaju\u0107i trag, poput morskog povjetarca u kasno poslijepodne. Idealni parfem za one koji tra\u017ee sofisticiranu citrusnu notu s biljnim i drvenastim prizvukom, savr\u0161en za prizivanje opu\u0161tenog mediteranskog luksuza.<\/p>\n","protected":false},"excerpt":{"rendered":"<p>Podsje\u0107a na Mandarino di Amalfi od Tom Ford<\/p>\n","protected":false},"featured_media":15582,"comment_status":"open","ping_status":"closed","template":"","meta":[],"product_brand":[],"product_cat":[4268],"product_tag":[1389],"class_list":{"0":"post-1136","1":"product","2":"type-product","3":"status-publish","4":"has-post-thumbnail","6":"product_cat-tom-ford","7":"product_tag-unisex","9":"first","10":"instock","11":"shipping-taxable","12":"product-type-simple"},"_links":{"self":[{"href":"https:\/\/divainers.com\/sl\/wp-json\/wp\/v2\/product\/1136","targetHints":{"allow":["GET"]}}],"collection":[{"href":"https:\/\/divainers.com\/sl\/wp-json\/wp\/v2\/product"}],"about":[{"href":"https:\/\/divainers.com\/sl\/wp-json\/wp\/v2\/types\/product"}],"replies":[{"embeddable":true,"href":"https:\/\/divainers.com\/sl\/wp-json\/wp\/v2\/comments?post=1136"}],"wp:featuredmedia":[{"embeddable":true,"href":"https:\/\/divainers.com\/sl\/wp-json\/wp\/v2\/media\/15582"}],"wp:attachment":[{"href":"https:\/\/divainers.com\/sl\/wp-json\/wp\/v2\/media?parent=1136"}],"wp:term":[{"taxonomy":"product_brand","embeddable":true,"href":"https:\/\/divainers.com\/sl\/wp-json\/wp\/v2\/product_brand?post=1136"},{"taxonomy":"product_cat","embeddable":true,"href":"https:\/\/divainers.com\/sl\/wp-json\/wp\/v2\/product_cat?post=1136"},{"taxonomy":"product_tag","embeddable":true,"href":"https:\/\/divainers.com\/sl\/wp-json\/wp\/v2\/product_tag?post=1136"}],"curies":[{"name":"wp","href":"https:\/\/api.w.org\/{rel}","templated":true}]}}