{"id":1143,"date":"2025-01-31T08:33:31","date_gmt":"2025-01-31T07:33:31","guid":{"rendered":"https:\/\/divainers.com\/producto\/divain-634\/"},"modified":"2026-04-30T16:10:53","modified_gmt":"2026-04-30T14:10:53","slug":"divain-634","status":"publish","type":"product","link":"https:\/\/divainers.com\/sl\/producto\/divain-634\/","title":{"rendered":"divain.634"},"content":{"rendered":"<p>Topao, dubok i tajanstven miris koji hvata su\u0161tinu luksuza i senzualnosti u svom najvi\u0161em izrazu. Od samog otvaranja, bogate i egzoti\u010dne note jantarnih smola spajaju se s nje\u017enim dodirom vanilije, stvaraju\u0107i obavijaju\u0107i i bar\u0161unasti osje\u0107aj. U srcu, tamjan i oud donose drvenastu i dimljenu slo\u017eenost, dok baza sandalovine i nje\u017eni mo\u0161us ostavljaju kremastu i bogatu podlogu koja traje na ko\u017ei. Idealni parfem za one koji tra\u017ee orijentalnu i smolastu notu, savr\u0161en za no\u0107ne prilike, posebne doga\u0111aje ili trenutke kada \u017eelite ostaviti dubok i luksuzan trag. Njegova intenzitet i bogatstvo \u010dine ga sofisticiranim izborom za ljubitelje toplih, misterioznih i duboko senzualnih mirisa.<\/p>\n","protected":false},"excerpt":{"rendered":"<p>Podsje\u0107a na Amber Absolute od Tom Ford<\/p>\n","protected":false},"featured_media":15609,"comment_status":"open","ping_status":"closed","template":"","meta":[],"product_brand":[],"product_cat":[4263],"product_tag":[1408],"class_list":{"0":"post-1143","1":"product","2":"type-product","3":"status-publish","4":"has-post-thumbnail","6":"product_cat-tom-ford","7":"product_tag-unisex","9":"first","10":"instock","11":"shipping-taxable","12":"product-type-simple"},"_links":{"self":[{"href":"https:\/\/divainers.com\/sl\/wp-json\/wp\/v2\/product\/1143","targetHints":{"allow":["GET"]}}],"collection":[{"href":"https:\/\/divainers.com\/sl\/wp-json\/wp\/v2\/product"}],"about":[{"href":"https:\/\/divainers.com\/sl\/wp-json\/wp\/v2\/types\/product"}],"replies":[{"embeddable":true,"href":"https:\/\/divainers.com\/sl\/wp-json\/wp\/v2\/comments?post=1143"}],"wp:featuredmedia":[{"embeddable":true,"href":"https:\/\/divainers.com\/sl\/wp-json\/wp\/v2\/media\/15609"}],"wp:attachment":[{"href":"https:\/\/divainers.com\/sl\/wp-json\/wp\/v2\/media?parent=1143"}],"wp:term":[{"taxonomy":"product_brand","embeddable":true,"href":"https:\/\/divainers.com\/sl\/wp-json\/wp\/v2\/product_brand?post=1143"},{"taxonomy":"product_cat","embeddable":true,"href":"https:\/\/divainers.com\/sl\/wp-json\/wp\/v2\/product_cat?post=1143"},{"taxonomy":"product_tag","embeddable":true,"href":"https:\/\/divainers.com\/sl\/wp-json\/wp\/v2\/product_tag?post=1143"}],"curies":[{"name":"wp","href":"https:\/\/api.w.org\/{rel}","templated":true}]}}