{"id":1174,"date":"2025-01-31T08:33:35","date_gmt":"2025-01-31T07:33:35","guid":{"rendered":"https:\/\/divainers.com\/producto\/divain-950\/"},"modified":"2026-04-30T16:16:18","modified_gmt":"2026-04-30T14:16:18","slug":"divain-950","status":"publish","type":"product","link":"https:\/\/divainers.com\/sl\/producto\/divain-950\/","title":{"rendered":"divain.950"},"content":{"rendered":"<p>\u017denski i sofisticirani miris koji hvata bit vibrantne svje\u017eine i elegantne nje\u017enosti. Od samog otvaranja, citrusne note mandarine i limuna mije\u0161aju se sa svje\u017einom kru\u0161ke i suptilnim dodirom maline, stvaraju\u0107i svijetli i vo\u0107ni dojam koji budi osjetila. Kako se miris razvija, cvjetne note jasmina i ru\u017ee donose romanti\u010dnu i \u017eenstvenu nje\u017enost, dok blagi dodir mo\u0161usa i sandalovine u bazi pru\u017ea toplu i obavijaju\u0107u podlogu koja daje dubinu bez gubitka svje\u017eine. Ovaj miris savr\u0161en je za one koji tra\u017ee svje\u017ee, lagano i elegantno iskustvo, idealno za svakodnevnu upotrebu i trenutke kada \u017eelite projicirati slatku, ali sofisticiranu prisutnost.<\/p>\n","protected":false},"excerpt":{"rendered":"<p>Podsje\u0107a na LoveMe The Silver od Tous<\/p>\n","protected":false},"featured_media":15870,"comment_status":"open","ping_status":"closed","template":"","meta":[],"product_brand":[],"product_cat":[4538],"product_tag":[1439],"class_list":{"0":"post-1174","1":"product","2":"type-product","3":"status-publish","4":"has-post-thumbnail","6":"product_cat-tous","7":"product_tag-kvinnor","9":"first","10":"instock","11":"shipping-taxable","12":"product-type-simple"},"_links":{"self":[{"href":"https:\/\/divainers.com\/sl\/wp-json\/wp\/v2\/product\/1174","targetHints":{"allow":["GET"]}}],"collection":[{"href":"https:\/\/divainers.com\/sl\/wp-json\/wp\/v2\/product"}],"about":[{"href":"https:\/\/divainers.com\/sl\/wp-json\/wp\/v2\/types\/product"}],"replies":[{"embeddable":true,"href":"https:\/\/divainers.com\/sl\/wp-json\/wp\/v2\/comments?post=1174"}],"wp:featuredmedia":[{"embeddable":true,"href":"https:\/\/divainers.com\/sl\/wp-json\/wp\/v2\/media\/15870"}],"wp:attachment":[{"href":"https:\/\/divainers.com\/sl\/wp-json\/wp\/v2\/media?parent=1174"}],"wp:term":[{"taxonomy":"product_brand","embeddable":true,"href":"https:\/\/divainers.com\/sl\/wp-json\/wp\/v2\/product_brand?post=1174"},{"taxonomy":"product_cat","embeddable":true,"href":"https:\/\/divainers.com\/sl\/wp-json\/wp\/v2\/product_cat?post=1174"},{"taxonomy":"product_tag","embeddable":true,"href":"https:\/\/divainers.com\/sl\/wp-json\/wp\/v2\/product_tag?post=1174"}],"curies":[{"name":"wp","href":"https:\/\/api.w.org\/{rel}","templated":true}]}}