{"id":11760,"date":"2025-01-31T08:33:27","date_gmt":"2025-01-31T07:33:27","guid":{"rendered":"https:\/\/divainers.com\/producto\/divain-903\/"},"modified":"2026-04-30T10:53:20","modified_gmt":"2026-04-30T08:53:20","slug":"divain-903","status":"publish","type":"product","link":"https:\/\/divainers.com\/sl\/producto\/divain-903\/","title":{"rendered":"divain.903"},"content":{"rendered":"<p>\u010carobna in ne\u017ena di\u0161ava, ki prikli\u010de \u010distost otro\u0161tva z osve\u017eujo\u010do in mehko me\u0161anico svetlih citrusov in ne\u017enih cvetli\u010dnih not. Za\u010detek je vzdih limone in sladkih pomaran\u010d, ki takoj prebudi \u010dute z mladostno vitalnostjo. Ko se razvija, note pomaran\u010dnega cveta in jasmina dodajo topel in ne\u017een pridih, medtem ko osnovne note mandljev in vanilije obdajajo di\u0161avo z tola\u017eilno mehkobo, ki pu\u0161\u010da sladek in rahlo kremast sled. Ta parfum je popoln za tiste, ki i\u0161\u010dejo lahko, sve\u017eo in ne\u017eno di\u0161avo, ki odra\u017ea nedol\u017enost in veselje prvih trenutkov ter ustvarja ob\u010dutek topline in sve\u017eine, ki ne\u017eno traja ves dan.<\/p>\n","protected":false},"excerpt":{"rendered":"<p>Spominja na Ptisenbon od Tartine et Chocolat<\/p>\n","protected":false},"featured_media":3193,"comment_status":"open","ping_status":"closed","template":"","meta":[],"product_brand":[],"product_cat":[3461],"product_tag":[2343],"class_list":{"0":"post-11760","1":"product","2":"type-product","3":"status-publish","4":"has-post-thumbnail","6":"product_cat-tartine-et-chocolat","7":"product_tag-ninos-y-ninas","9":"first","10":"instock","11":"shipping-taxable","12":"product-type-simple"},"_links":{"self":[{"href":"https:\/\/divainers.com\/sl\/wp-json\/wp\/v2\/product\/11760","targetHints":{"allow":["GET"]}}],"collection":[{"href":"https:\/\/divainers.com\/sl\/wp-json\/wp\/v2\/product"}],"about":[{"href":"https:\/\/divainers.com\/sl\/wp-json\/wp\/v2\/types\/product"}],"replies":[{"embeddable":true,"href":"https:\/\/divainers.com\/sl\/wp-json\/wp\/v2\/comments?post=11760"}],"wp:featuredmedia":[{"embeddable":true,"href":"https:\/\/divainers.com\/sl\/wp-json\/wp\/v2\/media\/3193"}],"wp:attachment":[{"href":"https:\/\/divainers.com\/sl\/wp-json\/wp\/v2\/media?parent=11760"}],"wp:term":[{"taxonomy":"product_brand","embeddable":true,"href":"https:\/\/divainers.com\/sl\/wp-json\/wp\/v2\/product_brand?post=11760"},{"taxonomy":"product_cat","embeddable":true,"href":"https:\/\/divainers.com\/sl\/wp-json\/wp\/v2\/product_cat?post=11760"},{"taxonomy":"product_tag","embeddable":true,"href":"https:\/\/divainers.com\/sl\/wp-json\/wp\/v2\/product_tag?post=11760"}],"curies":[{"name":"wp","href":"https:\/\/api.w.org\/{rel}","templated":true}]}}