{"id":11801,"date":"2025-01-31T08:33:27","date_gmt":"2025-01-31T07:33:27","guid":{"rendered":"https:\/\/divainers.com\/producto\/divain-781\/"},"modified":"2026-04-30T10:53:31","modified_gmt":"2026-04-30T08:53:31","slug":"divain-781","status":"publish","type":"product","link":"https:\/\/divainers.com\/sl\/producto\/divain-781\/","title":{"rendered":"divain.781"},"content":{"rendered":"<p>Ta uniseks di\u0161ava se za\u010dne s za\u010dinjeno in citrusno noto, kjer se koriander in kumina prepletata s sve\u017eimi toni, ustvarjajo\u010d ob\u010dutek topline in prefinjenosti. V srcu cedra in jasmin prina\u0161ata lesno in cvetli\u010dno eleganco, ki prikli\u010de mir pu\u0161\u010davskih pokrajin. Osnova iz pa\u010dulija, sivega jantarja in smol doda balzami\u010dno in zemeljsko globino, ki odra\u017ea naravno bogastvo Magreba. Ta kompozicija, predstavljena v luksuzni koncentraciji parfumske esence, ponuja edinstveno senzori\u010dno izku\u0161njo, ki ujame bistvo pu\u0161\u010dave.<\/p>\n","protected":false},"excerpt":{"rendered":"<p>Spominja na Au Coeur du D\u00e9sert od Tauer<\/p>\n","protected":false},"featured_media":11798,"comment_status":"open","ping_status":"closed","template":"","meta":[],"product_brand":[],"product_cat":[3481],"product_tag":[1377],"class_list":{"0":"post-11801","1":"product","2":"type-product","3":"status-publish","4":"has-post-thumbnail","6":"product_cat-tauer","7":"product_tag-uniseks","9":"first","10":"instock","11":"shipping-taxable","12":"product-type-simple"},"_links":{"self":[{"href":"https:\/\/divainers.com\/sl\/wp-json\/wp\/v2\/product\/11801","targetHints":{"allow":["GET"]}}],"collection":[{"href":"https:\/\/divainers.com\/sl\/wp-json\/wp\/v2\/product"}],"about":[{"href":"https:\/\/divainers.com\/sl\/wp-json\/wp\/v2\/types\/product"}],"replies":[{"embeddable":true,"href":"https:\/\/divainers.com\/sl\/wp-json\/wp\/v2\/comments?post=11801"}],"wp:featuredmedia":[{"embeddable":true,"href":"https:\/\/divainers.com\/sl\/wp-json\/wp\/v2\/media\/11798"}],"wp:attachment":[{"href":"https:\/\/divainers.com\/sl\/wp-json\/wp\/v2\/media?parent=11801"}],"wp:term":[{"taxonomy":"product_brand","embeddable":true,"href":"https:\/\/divainers.com\/sl\/wp-json\/wp\/v2\/product_brand?post=11801"},{"taxonomy":"product_cat","embeddable":true,"href":"https:\/\/divainers.com\/sl\/wp-json\/wp\/v2\/product_cat?post=11801"},{"taxonomy":"product_tag","embeddable":true,"href":"https:\/\/divainers.com\/sl\/wp-json\/wp\/v2\/product_tag?post=11801"}],"curies":[{"name":"wp","href":"https:\/\/api.w.org\/{rel}","templated":true}]}}