{"id":1197,"date":"2025-01-31T08:33:39","date_gmt":"2025-01-31T07:33:39","guid":{"rendered":"https:\/\/divainers.com\/producto\/divain-694\/"},"modified":"2026-04-30T16:12:11","modified_gmt":"2026-04-30T14:12:11","slug":"divain-694","status":"publish","type":"product","link":"https:\/\/divainers.com\/sl\/producto\/divain-694\/","title":{"rendered":"divain.694"},"content":{"rendered":"<p>To je topao i tropski miris koji priziva osje\u0107aj boravka u egzoti\u010dnom raju. Njegov po\u010detak je sladak i obavijaju\u0107i, s dominantnom notom kokosa, pra\u0107enom nje\u017enim i zavodljivim dodirom vanilije. Osnova mirisa je toplija, s notama mo\u0161usa koje mu daju dubinu i meko\u0107u. Idealno je za one koji tra\u017ee ugodan, topao i dugotrajan miris, savr\u0161en za svakodnevnu upotrebu ili neformalne prilike koje \u017eele dodati dozu svje\u017eine i nje\u017enosti.<\/p>\n","protected":false},"excerpt":{"rendered":"<p>Podsje\u0107a na Coconut Passion od Victoria&#8217;s Secret<\/p>\n","protected":false},"featured_media":15663,"comment_status":"open","ping_status":"closed","template":"","meta":[],"product_brand":[],"product_cat":[1974],"product_tag":[1428],"class_list":{"0":"post-1197","1":"product","2":"type-product","3":"status-publish","4":"has-post-thumbnail","6":"product_cat-victorias-secret","7":"product_tag-naiset","9":"first","10":"instock","11":"shipping-taxable","12":"product-type-simple"},"_links":{"self":[{"href":"https:\/\/divainers.com\/sl\/wp-json\/wp\/v2\/product\/1197","targetHints":{"allow":["GET"]}}],"collection":[{"href":"https:\/\/divainers.com\/sl\/wp-json\/wp\/v2\/product"}],"about":[{"href":"https:\/\/divainers.com\/sl\/wp-json\/wp\/v2\/types\/product"}],"replies":[{"embeddable":true,"href":"https:\/\/divainers.com\/sl\/wp-json\/wp\/v2\/comments?post=1197"}],"wp:featuredmedia":[{"embeddable":true,"href":"https:\/\/divainers.com\/sl\/wp-json\/wp\/v2\/media\/15663"}],"wp:attachment":[{"href":"https:\/\/divainers.com\/sl\/wp-json\/wp\/v2\/media?parent=1197"}],"wp:term":[{"taxonomy":"product_brand","embeddable":true,"href":"https:\/\/divainers.com\/sl\/wp-json\/wp\/v2\/product_brand?post=1197"},{"taxonomy":"product_cat","embeddable":true,"href":"https:\/\/divainers.com\/sl\/wp-json\/wp\/v2\/product_cat?post=1197"},{"taxonomy":"product_tag","embeddable":true,"href":"https:\/\/divainers.com\/sl\/wp-json\/wp\/v2\/product_tag?post=1197"}],"curies":[{"name":"wp","href":"https:\/\/api.w.org\/{rel}","templated":true}]}}