{"id":1220,"date":"2025-01-31T08:33:42","date_gmt":"2025-01-31T07:33:42","guid":{"rendered":"https:\/\/divainers.com\/producto\/divain-189\/"},"modified":"2026-04-30T15:58:19","modified_gmt":"2026-04-30T13:58:19","slug":"divain-189","status":"publish","type":"product","link":"https:\/\/divainers.com\/sl\/producto\/divain-189\/","title":{"rendered":"divain.189"},"content":{"rendered":"<p>Strastveni i ovisni\u010dki parfem koji hvata bit vrtlo\u017ene ljubavi u gradu romantike. Njegov iskri\u010davi po\u010detak mije\u0161a vo\u0107nu slatko\u0107u jagode i maline sa svje\u017einom bergamota i kru\u0161ke, stvaraju\u0107i svijetlu i vibrantnu eksploziju. U srcu, buket bo\u017eura, cvijeta dature i jasmina donosi zavodljivu i obavijaju\u0107u \u017eenstvenost. Na kraju, u bazi, toplina pa\u010dulija, bijelog mo\u0161usa i vanilije isprepli\u0107u se, ostavljaju\u0107i intenzivan, sofisticiran i opojan trag. Savr\u0161en za strastvenu i elegantnu \u017eenu koja \u017eivi ljubav bez granica.<\/p>\n","protected":false},"excerpt":{"rendered":"<p>Podsje\u0107a na Mon Paris od Yves Saint Laurent<\/p>\n","protected":false},"featured_media":15250,"comment_status":"open","ping_status":"closed","template":"","meta":[],"product_brand":[],"product_cat":[2254],"product_tag":[1156],"class_list":{"0":"post-1220","1":"product","2":"type-product","3":"status-publish","4":"has-post-thumbnail","6":"product_cat-yves-saint-laurent","7":"product_tag-mujer","9":"first","10":"instock","11":"shipping-taxable","12":"product-type-simple"},"_links":{"self":[{"href":"https:\/\/divainers.com\/sl\/wp-json\/wp\/v2\/product\/1220","targetHints":{"allow":["GET"]}}],"collection":[{"href":"https:\/\/divainers.com\/sl\/wp-json\/wp\/v2\/product"}],"about":[{"href":"https:\/\/divainers.com\/sl\/wp-json\/wp\/v2\/types\/product"}],"replies":[{"embeddable":true,"href":"https:\/\/divainers.com\/sl\/wp-json\/wp\/v2\/comments?post=1220"}],"wp:featuredmedia":[{"embeddable":true,"href":"https:\/\/divainers.com\/sl\/wp-json\/wp\/v2\/media\/15250"}],"wp:attachment":[{"href":"https:\/\/divainers.com\/sl\/wp-json\/wp\/v2\/media?parent=1220"}],"wp:term":[{"taxonomy":"product_brand","embeddable":true,"href":"https:\/\/divainers.com\/sl\/wp-json\/wp\/v2\/product_brand?post=1220"},{"taxonomy":"product_cat","embeddable":true,"href":"https:\/\/divainers.com\/sl\/wp-json\/wp\/v2\/product_cat?post=1220"},{"taxonomy":"product_tag","embeddable":true,"href":"https:\/\/divainers.com\/sl\/wp-json\/wp\/v2\/product_tag?post=1220"}],"curies":[{"name":"wp","href":"https:\/\/api.w.org\/{rel}","templated":true}]}}