{"id":12340,"date":"2025-01-31T08:33:27","date_gmt":"2025-01-31T07:33:27","guid":{"rendered":"https:\/\/divainers.com\/producto\/divain-036\/"},"modified":"2026-04-30T10:56:47","modified_gmt":"2026-04-30T08:56:47","slug":"divain-036","status":"publish","type":"product","link":"https:\/\/divainers.com\/sl\/producto\/divain-036\/","title":{"rendered":"divain.036"},"content":{"rendered":"<p>Mo\u010dan in avantgarden vonj, ki zdru\u017euje intenzivnost in prefinjenost v nepozabni kompoziciji. Njegov \u017eivahen za\u010detek mete in sivke prina\u0161a sve\u017eino, medtem ko zasvojljivo srce kave in karamele doda sladek in za\u010dinjen pridih, ki ustvarja topel in objemajo\u010d ob\u010dutek. V osnovi pa\u010duli, mo\u0161us in vanilija krepijo njegov globok in magneten zna\u010daj ter pu\u0161\u010dajo intenziven in dolgotrajen sled. Popoln za pogumnega in karizmati\u010dnega mo\u0161kega, ki i\u0161\u010de edinstveno di\u0161avo z izrazito osebnostjo.<\/p>\n","protected":false},"excerpt":{"rendered":"<p>Spominja na A*Men od Thierry Mugler<\/p>\n","protected":false},"featured_media":12337,"comment_status":"open","ping_status":"closed","template":"","meta":[],"product_brand":[],"product_cat":[3752],"product_tag":[1367],"class_list":{"0":"post-12340","1":"product","2":"type-product","3":"status-publish","4":"has-post-thumbnail","6":"product_cat-thierry-mugler","7":"product_tag-moski","9":"first","10":"instock","11":"shipping-taxable","12":"product-type-simple"},"_links":{"self":[{"href":"https:\/\/divainers.com\/sl\/wp-json\/wp\/v2\/product\/12340","targetHints":{"allow":["GET"]}}],"collection":[{"href":"https:\/\/divainers.com\/sl\/wp-json\/wp\/v2\/product"}],"about":[{"href":"https:\/\/divainers.com\/sl\/wp-json\/wp\/v2\/types\/product"}],"replies":[{"embeddable":true,"href":"https:\/\/divainers.com\/sl\/wp-json\/wp\/v2\/comments?post=12340"}],"wp:featuredmedia":[{"embeddable":true,"href":"https:\/\/divainers.com\/sl\/wp-json\/wp\/v2\/media\/12337"}],"wp:attachment":[{"href":"https:\/\/divainers.com\/sl\/wp-json\/wp\/v2\/media?parent=12340"}],"wp:term":[{"taxonomy":"product_brand","embeddable":true,"href":"https:\/\/divainers.com\/sl\/wp-json\/wp\/v2\/product_brand?post=12340"},{"taxonomy":"product_cat","embeddable":true,"href":"https:\/\/divainers.com\/sl\/wp-json\/wp\/v2\/product_cat?post=12340"},{"taxonomy":"product_tag","embeddable":true,"href":"https:\/\/divainers.com\/sl\/wp-json\/wp\/v2\/product_tag?post=12340"}],"curies":[{"name":"wp","href":"https:\/\/api.w.org\/{rel}","templated":true}]}}