{"id":12888,"date":"2025-01-31T08:33:28","date_gmt":"2025-01-31T07:33:28","guid":{"rendered":"https:\/\/divainers.com\/producto\/divain-426\/"},"modified":"2026-04-30T10:59:42","modified_gmt":"2026-04-30T08:59:42","slug":"divain-426","status":"publish","type":"product","link":"https:\/\/divainers.com\/sl\/producto\/divain-426\/","title":{"rendered":"divain.426"},"content":{"rendered":"<p>Magneti\u010dna in objemajo\u010da di\u0161ava, ki prebudi \u010dute s svojo bogato me\u0161anico so\u010dnih sade\u017eev in senzualnih lesov. \u017de od prvega trenutka sadna eksplozija pasijonke, breskve in \u010drnega ribeza napolni zrak z eksoti\u010dno in vabljivo sladkostjo. V srcu se ne\u017eni cvetli\u010dni akord prepleta z jantarjevimi odtenki, ki dodajo globino in skrivnostnost. Na koncu baza mo\u0161usa, pa\u010dulija in sandalovine ustvari kremno in zasvojljivo sled, ki pusti nepozaben vtis. Hipnoti\u010dna in zapeljiva parfumska voda, idealna za tiste, ki i\u0161\u010dejo intenzivno, prefinjeno in polno osebnosti di\u0161avo.<\/p>\n","protected":false},"excerpt":{"rendered":"<p>Spominja na Kirke Tiziana Terenzi<\/p>\n","protected":false},"featured_media":12885,"comment_status":"open","ping_status":"closed","template":"","meta":[],"product_brand":[],"product_cat":[4026],"product_tag":[1377],"class_list":{"0":"post-12888","1":"product","2":"type-product","3":"status-publish","4":"has-post-thumbnail","6":"product_cat-tiziana-terenzi","7":"product_tag-uniseks","9":"first","10":"instock","11":"shipping-taxable","12":"product-type-simple"},"_links":{"self":[{"href":"https:\/\/divainers.com\/sl\/wp-json\/wp\/v2\/product\/12888","targetHints":{"allow":["GET"]}}],"collection":[{"href":"https:\/\/divainers.com\/sl\/wp-json\/wp\/v2\/product"}],"about":[{"href":"https:\/\/divainers.com\/sl\/wp-json\/wp\/v2\/types\/product"}],"replies":[{"embeddable":true,"href":"https:\/\/divainers.com\/sl\/wp-json\/wp\/v2\/comments?post=12888"}],"wp:featuredmedia":[{"embeddable":true,"href":"https:\/\/divainers.com\/sl\/wp-json\/wp\/v2\/media\/12885"}],"wp:attachment":[{"href":"https:\/\/divainers.com\/sl\/wp-json\/wp\/v2\/media?parent=12888"}],"wp:term":[{"taxonomy":"product_brand","embeddable":true,"href":"https:\/\/divainers.com\/sl\/wp-json\/wp\/v2\/product_brand?post=12888"},{"taxonomy":"product_cat","embeddable":true,"href":"https:\/\/divainers.com\/sl\/wp-json\/wp\/v2\/product_cat?post=12888"},{"taxonomy":"product_tag","embeddable":true,"href":"https:\/\/divainers.com\/sl\/wp-json\/wp\/v2\/product_tag?post=12888"}],"curies":[{"name":"wp","href":"https:\/\/api.w.org\/{rel}","templated":true}]}}