{"id":13452,"date":"2025-01-31T08:33:35","date_gmt":"2025-01-31T07:33:35","guid":{"rendered":"https:\/\/divainers.com\/producto\/divain-092\/"},"modified":"2026-04-30T11:03:38","modified_gmt":"2026-04-30T09:03:38","slug":"divain-092","status":"publish","type":"product","link":"https:\/\/divainers.com\/sl\/producto\/divain-092\/","title":{"rendered":"divain.092"},"content":{"rendered":"<p>Sve\u017e in \u017eivahen vonj, ki ujame bistvo mladosti in svobode. Njegov iskricajo\u010d za\u010detek z jabolkom, \u010drnim ribe\u017eem in mandarinami prina\u0161a svetlo in osve\u017eujo\u010do energijo. V srcu kombinacija vrtnice, lilije in kozjega trna ovije di\u0161avo v mehko in naravno \u017eenstvenost. V bazi sandalovina in cedar ustvarjata topel in lahek sled, popoln za spontano, optimisti\u010dno \u017eensko s svobodnim duhom, ki u\u017eiva v vsakem trenutku.<\/p>\n","protected":false},"excerpt":{"rendered":"<p>Spominja na Tommy Girl znamke Tommy Hilfiger<\/p>\n","protected":false},"featured_media":13450,"comment_status":"open","ping_status":"closed","template":"","meta":[],"product_brand":[],"product_cat":[4292],"product_tag":[1446],"class_list":{"0":"post-13452","1":"product","2":"type-product","3":"status-publish","4":"has-post-thumbnail","6":"product_cat-tommy-hilfiger","7":"product_tag-zenske","9":"first","10":"instock","11":"shipping-taxable","12":"product-type-simple"},"_links":{"self":[{"href":"https:\/\/divainers.com\/sl\/wp-json\/wp\/v2\/product\/13452","targetHints":{"allow":["GET"]}}],"collection":[{"href":"https:\/\/divainers.com\/sl\/wp-json\/wp\/v2\/product"}],"about":[{"href":"https:\/\/divainers.com\/sl\/wp-json\/wp\/v2\/types\/product"}],"replies":[{"embeddable":true,"href":"https:\/\/divainers.com\/sl\/wp-json\/wp\/v2\/comments?post=13452"}],"wp:featuredmedia":[{"embeddable":true,"href":"https:\/\/divainers.com\/sl\/wp-json\/wp\/v2\/media\/13450"}],"wp:attachment":[{"href":"https:\/\/divainers.com\/sl\/wp-json\/wp\/v2\/media?parent=13452"}],"wp:term":[{"taxonomy":"product_brand","embeddable":true,"href":"https:\/\/divainers.com\/sl\/wp-json\/wp\/v2\/product_brand?post=13452"},{"taxonomy":"product_cat","embeddable":true,"href":"https:\/\/divainers.com\/sl\/wp-json\/wp\/v2\/product_cat?post=13452"},{"taxonomy":"product_tag","embeddable":true,"href":"https:\/\/divainers.com\/sl\/wp-json\/wp\/v2\/product_tag?post=13452"}],"curies":[{"name":"wp","href":"https:\/\/api.w.org\/{rel}","templated":true}]}}