{"id":13965,"date":"2025-01-31T08:33:35","date_gmt":"2025-01-31T07:33:35","guid":{"rendered":"https:\/\/divainers.com\/producto\/divain-061\/"},"modified":"2026-04-30T11:06:17","modified_gmt":"2026-04-30T09:06:17","slug":"divain-061","status":"publish","type":"product","link":"https:\/\/divainers.com\/sl\/producto\/divain-061\/","title":{"rendered":"divain.061"},"content":{"rendered":"<p>Ne\u017een in eleganten vonj, ki v vsakem tonu prina\u0161a sve\u017eino in ne\u017enost. Njegov svetel za\u010detek z bergamotko in listi vijolice daje citrusni in zeleni pridih, medtem ko cvetli\u010dno srce vrtnice, potonike in jasmina obdaja di\u0161avo z \u017eenstvenostjo in prefinjenostjo. V osnovi bela mo\u0161us in cedar ustvarjata topel in objemajo\u010d sled, popoln za subtilno, elegantno \u017eensko z naravnim \u0161armom.<\/p>\n","protected":false},"excerpt":{"rendered":"<p>Spominja na Tous znamke Tous<\/p>\n","protected":false},"featured_media":13962,"comment_status":"open","ping_status":"closed","template":"","meta":[],"product_brand":[],"product_cat":[4539],"product_tag":[1446],"class_list":{"0":"post-13965","1":"product","2":"type-product","3":"status-publish","4":"has-post-thumbnail","6":"product_cat-tous","7":"product_tag-zenske","9":"first","10":"instock","11":"shipping-taxable","12":"product-type-simple"},"_links":{"self":[{"href":"https:\/\/divainers.com\/sl\/wp-json\/wp\/v2\/product\/13965","targetHints":{"allow":["GET"]}}],"collection":[{"href":"https:\/\/divainers.com\/sl\/wp-json\/wp\/v2\/product"}],"about":[{"href":"https:\/\/divainers.com\/sl\/wp-json\/wp\/v2\/types\/product"}],"replies":[{"embeddable":true,"href":"https:\/\/divainers.com\/sl\/wp-json\/wp\/v2\/comments?post=13965"}],"wp:featuredmedia":[{"embeddable":true,"href":"https:\/\/divainers.com\/sl\/wp-json\/wp\/v2\/media\/13962"}],"wp:attachment":[{"href":"https:\/\/divainers.com\/sl\/wp-json\/wp\/v2\/media?parent=13965"}],"wp:term":[{"taxonomy":"product_brand","embeddable":true,"href":"https:\/\/divainers.com\/sl\/wp-json\/wp\/v2\/product_brand?post=13965"},{"taxonomy":"product_cat","embeddable":true,"href":"https:\/\/divainers.com\/sl\/wp-json\/wp\/v2\/product_cat?post=13965"},{"taxonomy":"product_tag","embeddable":true,"href":"https:\/\/divainers.com\/sl\/wp-json\/wp\/v2\/product_tag?post=13965"}],"curies":[{"name":"wp","href":"https:\/\/api.w.org\/{rel}","templated":true}]}}