{"id":334,"date":"2025-01-31T08:31:50","date_gmt":"2025-01-31T07:31:50","guid":{"rendered":"https:\/\/divainers.com\/producto\/divain-410\/"},"modified":"2026-04-30T16:20:27","modified_gmt":"2026-04-30T14:20:27","slug":"divain-410","status":"publish","type":"product","link":"https:\/\/divainers.com\/sl\/producto\/divain-410\/","title":{"rendered":"divain.410"},"content":{"rendered":"<p>Je to \u017eiv\u00e1 a bohat\u00e1 v\u016fn\u011b, kde se ko\u0159en\u011bn\u00e9 a citrusov\u00e9 t\u00f3ny spojuj\u00ed s tepl\u00fdm srdcem prysky\u0159ic a d\u0159ev. \u00davod je sv\u011b\u017e\u00ed a jisk\u0159iv\u00fd, s ko\u0159en\u011bn\u00fdm n\u00e1dechem, kter\u00fd dod\u00e1v\u00e1 hloubku a charakter. Jak v\u016fn\u011b postupuje, objevuj\u00ed se kr\u00e9mov\u00e9 a kou\u0159ov\u00e9 nuance, kter\u00e9 obaluj\u00ed kompozici v pocitu \u00fatuln\u00e9ho tepla. Z\u00e1klad, bohat\u00fd na vanilku a exotick\u00e9 d\u0159evo, zanech\u00e1v\u00e1 trvalou a sofistikovanou stopu, ide\u00e1ln\u00ed pro ty, kte\u0159\u00ed hledaj\u00ed intenzivn\u00ed a obklopuj\u00edc\u00ed aroma.<\/p>\n","protected":false},"excerpt":{"rendered":"<p>P\u0159ipom\u00edn\u00e1 Boundless od Amouage<\/p>\n","protected":false},"featured_media":15914,"comment_status":"open","ping_status":"closed","template":"","meta":[],"product_brand":[],"product_cat":[1563],"product_tag":[29],"class_list":{"0":"post-334","1":"product","2":"type-product","3":"status-publish","4":"has-post-thumbnail","6":"product_cat-amouage","7":"product_tag-unisex","9":"first","10":"instock","11":"shipping-taxable","12":"product-type-simple"},"_links":{"self":[{"href":"https:\/\/divainers.com\/sl\/wp-json\/wp\/v2\/product\/334","targetHints":{"allow":["GET"]}}],"collection":[{"href":"https:\/\/divainers.com\/sl\/wp-json\/wp\/v2\/product"}],"about":[{"href":"https:\/\/divainers.com\/sl\/wp-json\/wp\/v2\/types\/product"}],"replies":[{"embeddable":true,"href":"https:\/\/divainers.com\/sl\/wp-json\/wp\/v2\/comments?post=334"}],"wp:featuredmedia":[{"embeddable":true,"href":"https:\/\/divainers.com\/sl\/wp-json\/wp\/v2\/media\/15914"}],"wp:attachment":[{"href":"https:\/\/divainers.com\/sl\/wp-json\/wp\/v2\/media?parent=334"}],"wp:term":[{"taxonomy":"product_brand","embeddable":true,"href":"https:\/\/divainers.com\/sl\/wp-json\/wp\/v2\/product_brand?post=334"},{"taxonomy":"product_cat","embeddable":true,"href":"https:\/\/divainers.com\/sl\/wp-json\/wp\/v2\/product_cat?post=334"},{"taxonomy":"product_tag","embeddable":true,"href":"https:\/\/divainers.com\/sl\/wp-json\/wp\/v2\/product_tag?post=334"}],"curies":[{"name":"wp","href":"https:\/\/api.w.org\/{rel}","templated":true}]}}