{"id":376,"date":"2025-01-31T08:31:55","date_gmt":"2025-01-31T07:31:55","guid":{"rendered":"https:\/\/divainers.com\/producto\/divain-528\/"},"modified":"2026-04-30T16:21:17","modified_gmt":"2026-04-30T14:21:17","slug":"divain-528","status":"publish","type":"product","link":"https:\/\/divainers.com\/sl\/producto\/divain-528\/","title":{"rendered":"divain.528"},"content":{"rendered":"<p>\u010cerstv\u00e1, elegantn\u00ed a obklopuj\u00edc\u00ed v\u016fn\u011b, kter\u00e1 zachycuje podstatu klidu a sofistikovanosti orient\u00e1ln\u00ed zahrady v tichu. Od za\u010d\u00e1tku vytv\u00e1\u0159ej\u00ed t\u00f3ny zelen\u00e9ho \u010daje, bergamotu a citronu jasn\u00fd, sv\u011b\u017e\u00ed a povzbuzuj\u00edc\u00ed dojem. V srdci jemn\u00e1 kytice jasm\u00ednu a lotosov\u00e9ho kv\u011btu p\u0159in\u00e1\u0161\u00ed jemnou a rafinovanou \u017eenskost, zat\u00edmco lehk\u00fd n\u00e1dech ko\u0159en\u00ed a m\u00e1ty dod\u00e1v\u00e1 sv\u011b\u017eest. Nakonec jemn\u00e9 pi\u017emo a m\u011bkk\u00e9 d\u0159evit\u00e9 t\u00f3ny zanech\u00e1vaj\u00ed \u010distou, obklopuj\u00edc\u00ed a dlouhotrvaj\u00edc\u00ed stopu. \u010cerstv\u00fd, kv\u011btinov\u00fd a lehce ko\u0159en\u011bn\u00fd parf\u00e9m, ide\u00e1ln\u00ed pro ty, kte\u0159\u00ed hledaj\u00ed sofistikovanou, osv\u011b\u017euj\u00edc\u00ed v\u016fni s pocitem p\u0159irozen\u00e9ho klidu.<\/p>\n","protected":false},"excerpt":{"rendered":"<p>P\u0159ipom\u00edn\u00e1 The Vert od Bvlgari<\/p>\n","protected":false},"featured_media":15941,"comment_status":"open","ping_status":"closed","template":"","meta":[],"product_brand":[],"product_cat":[1936],"product_tag":[1393],"class_list":{"0":"post-376","1":"product","2":"type-product","3":"status-publish","4":"has-post-thumbnail","6":"product_cat-bvlgari","7":"product_tag-unisex","9":"first","10":"instock","11":"shipping-taxable","12":"product-type-simple"},"_links":{"self":[{"href":"https:\/\/divainers.com\/sl\/wp-json\/wp\/v2\/product\/376","targetHints":{"allow":["GET"]}}],"collection":[{"href":"https:\/\/divainers.com\/sl\/wp-json\/wp\/v2\/product"}],"about":[{"href":"https:\/\/divainers.com\/sl\/wp-json\/wp\/v2\/types\/product"}],"replies":[{"embeddable":true,"href":"https:\/\/divainers.com\/sl\/wp-json\/wp\/v2\/comments?post=376"}],"wp:featuredmedia":[{"embeddable":true,"href":"https:\/\/divainers.com\/sl\/wp-json\/wp\/v2\/media\/15941"}],"wp:attachment":[{"href":"https:\/\/divainers.com\/sl\/wp-json\/wp\/v2\/media?parent=376"}],"wp:term":[{"taxonomy":"product_brand","embeddable":true,"href":"https:\/\/divainers.com\/sl\/wp-json\/wp\/v2\/product_brand?post=376"},{"taxonomy":"product_cat","embeddable":true,"href":"https:\/\/divainers.com\/sl\/wp-json\/wp\/v2\/product_cat?post=376"},{"taxonomy":"product_tag","embeddable":true,"href":"https:\/\/divainers.com\/sl\/wp-json\/wp\/v2\/product_tag?post=376"}],"curies":[{"name":"wp","href":"https:\/\/api.w.org\/{rel}","templated":true}]}}