{"id":395,"date":"2025-01-31T08:31:58","date_gmt":"2025-01-31T07:31:58","guid":{"rendered":"https:\/\/divainers.com\/producto\/divain-918\/"},"modified":"2026-04-30T16:21:41","modified_gmt":"2026-04-30T14:21:41","slug":"divain-918","status":"publish","type":"product","link":"https:\/\/divainers.com\/sl\/producto\/divain-918\/","title":{"rendered":"divain.918"},"content":{"rendered":"<p>\u00c9terick\u00e1 a z\u00e1\u0159iv\u00e1 v\u016fn\u011b, kter\u00e1 zachycuje klid hv\u011bzdn\u00e9 noci na mo\u0159sk\u00e9m b\u0159ehu. Od prvn\u00edho okam\u017eiku se explozivn\u00ed sv\u011b\u017eest citrus\u016f jako grep a citron prol\u00edn\u00e1 s tropick\u00fdmi t\u00f3ny kokosu a r\u00fd\u017ee, evokuj\u00edc\u00ed pocit sv\u011b\u017eesti a vitality. Jak se v\u016fn\u011b rozv\u00edj\u00ed, kv\u011btinov\u00e9 t\u00f3ny jasm\u00ednu a lilie p\u0159in\u00e1\u0161ej\u00ed jemn\u00fd a m\u011bkk\u00fd dotek, zat\u00edmco kr\u00e9mov\u00e9 dno ze santalov\u00e9ho d\u0159eva a pi\u017ema zanech\u00e1v\u00e1 tepl\u00fd a \u00fatuln\u00fd z\u00e1klad. Tato v\u016fn\u011b je ide\u00e1ln\u00ed pro ty, kte\u0159\u00ed hledaj\u00ed lehk\u00fd, osv\u011b\u017euj\u00edc\u00ed a romantick\u00fd z\u00e1\u017eitek, evokuj\u00edc\u00ed pocity svobody a klidu, zanech\u00e1vaj\u00edc\u00ed jemn\u00fd a z\u00e1\u0159iv\u00fd stopu, kter\u00e1 p\u0159etrv\u00e1v\u00e1 jako \u0161epot v noci.<\/p>\n","protected":false},"excerpt":{"rendered":"<p>P\u0159ipom\u00edn\u00e1 Moonlight in heaven by Kilian<\/p>\n","protected":false},"featured_media":15959,"comment_status":"open","ping_status":"closed","template":"","meta":[],"product_brand":[],"product_cat":[1953],"product_tag":[1393],"class_list":{"0":"post-395","1":"product","2":"type-product","3":"status-publish","4":"has-post-thumbnail","6":"product_cat-by-kilian","7":"product_tag-unisex","9":"first","10":"instock","11":"shipping-taxable","12":"product-type-simple"},"_links":{"self":[{"href":"https:\/\/divainers.com\/sl\/wp-json\/wp\/v2\/product\/395","targetHints":{"allow":["GET"]}}],"collection":[{"href":"https:\/\/divainers.com\/sl\/wp-json\/wp\/v2\/product"}],"about":[{"href":"https:\/\/divainers.com\/sl\/wp-json\/wp\/v2\/types\/product"}],"replies":[{"embeddable":true,"href":"https:\/\/divainers.com\/sl\/wp-json\/wp\/v2\/comments?post=395"}],"wp:featuredmedia":[{"embeddable":true,"href":"https:\/\/divainers.com\/sl\/wp-json\/wp\/v2\/media\/15959"}],"wp:attachment":[{"href":"https:\/\/divainers.com\/sl\/wp-json\/wp\/v2\/media?parent=395"}],"wp:term":[{"taxonomy":"product_brand","embeddable":true,"href":"https:\/\/divainers.com\/sl\/wp-json\/wp\/v2\/product_brand?post=395"},{"taxonomy":"product_cat","embeddable":true,"href":"https:\/\/divainers.com\/sl\/wp-json\/wp\/v2\/product_cat?post=395"},{"taxonomy":"product_tag","embeddable":true,"href":"https:\/\/divainers.com\/sl\/wp-json\/wp\/v2\/product_tag?post=395"}],"curies":[{"name":"wp","href":"https:\/\/api.w.org\/{rel}","templated":true}]}}