{"id":436,"date":"2025-01-31T08:32:02","date_gmt":"2025-01-31T07:32:02","guid":{"rendered":"https:\/\/divainers.com\/producto\/divain-070\/"},"modified":"2026-03-16T16:07:21","modified_gmt":"2026-03-16T15:07:21","slug":"divain-070","status":"publish","type":"product","link":"https:\/\/divainers.com\/sl\/producto\/divain-070\/","title":{"rendered":"divain.070"},"content":{"rendered":"<p>Un aroma seductor y sofisticado que envuelve los sentidos con una combinaci\u00f3n c\u00e1lida y envolvente. Su apertura chispeante de bergamota y mandarina aporta un toque fresco y vibrante. En el coraz\u00f3n, el acorde de gardenia y algod\u00f3n de az\u00facar crea una dulzura irresistible y femenina. En el fondo, la vainilla, el almizcle y el s\u00e1ndalo dejan una estela cremosa y sensual, perfecta para la mujer segura, elegante y con un magnetismo natural que cautiva a su paso.<\/p>\n","protected":false},"excerpt":{"rendered":"<p>Recuerda a 212 sexy de Carolina Herrera<\/p>\n","protected":false},"featured_media":3356,"comment_status":"open","ping_status":"closed","template":"","meta":[],"product_brand":[],"product_cat":[1531],"product_tag":[1424],"class_list":{"0":"post-436","1":"product","2":"type-product","3":"status-publish","4":"has-post-thumbnail","6":"product_cat-carolina-herrera","7":"product_tag-femmes","9":"first","10":"instock","11":"shipping-taxable","12":"product-type-simple"},"_links":{"self":[{"href":"https:\/\/divainers.com\/sl\/wp-json\/wp\/v2\/product\/436","targetHints":{"allow":["GET"]}}],"collection":[{"href":"https:\/\/divainers.com\/sl\/wp-json\/wp\/v2\/product"}],"about":[{"href":"https:\/\/divainers.com\/sl\/wp-json\/wp\/v2\/types\/product"}],"replies":[{"embeddable":true,"href":"https:\/\/divainers.com\/sl\/wp-json\/wp\/v2\/comments?post=436"}],"wp:featuredmedia":[{"embeddable":true,"href":"https:\/\/divainers.com\/sl\/wp-json\/wp\/v2\/media\/3356"}],"wp:attachment":[{"href":"https:\/\/divainers.com\/sl\/wp-json\/wp\/v2\/media?parent=436"}],"wp:term":[{"taxonomy":"product_brand","embeddable":true,"href":"https:\/\/divainers.com\/sl\/wp-json\/wp\/v2\/product_brand?post=436"},{"taxonomy":"product_cat","embeddable":true,"href":"https:\/\/divainers.com\/sl\/wp-json\/wp\/v2\/product_cat?post=436"},{"taxonomy":"product_tag","embeddable":true,"href":"https:\/\/divainers.com\/sl\/wp-json\/wp\/v2\/product_tag?post=436"}],"curies":[{"name":"wp","href":"https:\/\/api.w.org\/{rel}","templated":true}]}}