{"id":467,"date":"2025-01-31T08:32:06","date_gmt":"2025-01-31T07:32:06","guid":{"rendered":"https:\/\/divainers.com\/producto\/divain-651\/"},"modified":"2026-03-16T16:07:24","modified_gmt":"2026-03-16T15:07:24","slug":"divain-651","status":"publish","type":"product","link":"https:\/\/divainers.com\/sl\/producto\/divain-651\/","title":{"rendered":"divain.651"},"content":{"rendered":"<p class=\"\" data-start=\"0\" data-end=\"491\">Una fragancia profunda y envolvente que evoca la riqueza de un universo misterioso y sofisticado. Desde el primer acorde, se despliegan notas ambarinas y especiadas que se entrelazan con un toque de pachul\u00ed y un delicado respiro de flor de naranja. La esencia de este perfume se hace m\u00e1s compleja en su coraz\u00f3n, donde la combinaci\u00f3n de incienso y madera de s\u00e1ndalo aporta una profundidad c\u00e1lida y aterciopelada, mientras que la vainilla en la base crea una sensualidad suave y embriagadora.<\/p>\n<p class=\"\" data-start=\"493\" data-end=\"855\">Este perfume es ideal para quien busca una fragancia que transmita una sensaci\u00f3n de lujo, misterio y elegancia intemporal. Perfecto para momentos especiales y para quienes desean una estela \u00fanica que deje una impresi\u00f3n duradera, su car\u00e1cter profundo y envolvente lo convierte en una elecci\u00f3n sofisticada y opulenta, con una calidad que trasciende las tendencias.<\/p>\n","protected":false},"excerpt":{"rendered":"<p>Recuerda a coromandel les excusifs de Chanel<\/p>\n","protected":false},"featured_media":3088,"comment_status":"open","ping_status":"closed","template":"","meta":[],"product_brand":[],"product_cat":[2122],"product_tag":[1156],"class_list":{"0":"post-467","1":"product","2":"type-product","3":"status-publish","4":"has-post-thumbnail","6":"product_cat-chanel","7":"product_tag-mujer","9":"first","10":"instock","11":"shipping-taxable","12":"product-type-simple"},"_links":{"self":[{"href":"https:\/\/divainers.com\/sl\/wp-json\/wp\/v2\/product\/467","targetHints":{"allow":["GET"]}}],"collection":[{"href":"https:\/\/divainers.com\/sl\/wp-json\/wp\/v2\/product"}],"about":[{"href":"https:\/\/divainers.com\/sl\/wp-json\/wp\/v2\/types\/product"}],"replies":[{"embeddable":true,"href":"https:\/\/divainers.com\/sl\/wp-json\/wp\/v2\/comments?post=467"}],"wp:featuredmedia":[{"embeddable":true,"href":"https:\/\/divainers.com\/sl\/wp-json\/wp\/v2\/media\/3088"}],"wp:attachment":[{"href":"https:\/\/divainers.com\/sl\/wp-json\/wp\/v2\/media?parent=467"}],"wp:term":[{"taxonomy":"product_brand","embeddable":true,"href":"https:\/\/divainers.com\/sl\/wp-json\/wp\/v2\/product_brand?post=467"},{"taxonomy":"product_cat","embeddable":true,"href":"https:\/\/divainers.com\/sl\/wp-json\/wp\/v2\/product_cat?post=467"},{"taxonomy":"product_tag","embeddable":true,"href":"https:\/\/divainers.com\/sl\/wp-json\/wp\/v2\/product_tag?post=467"}],"curies":[{"name":"wp","href":"https:\/\/api.w.org\/{rel}","templated":true}]}}