{"id":5199,"date":"2025-11-21T09:26:46","date_gmt":"2025-11-21T08:26:46","guid":{"rendered":"https:\/\/divainers.com\/?post_type=product&#038;p=5199"},"modified":"2026-04-30T15:54:57","modified_gmt":"2026-04-30T13:54:57","slug":"divain-1076","status":"publish","type":"product","link":"https:\/\/divainers.com\/sl\/producto\/divain-1076\/","title":{"rendered":"divain.1076"},"content":{"rendered":"<p>O\u010darava senzualnim, svijetlim i egzoti\u010dnim tragom, s onim neodoljivo \u017eenskim i zavodljivim aurom koja je \u010dini osobnim malim rajem. Izrazita je, zavodljiva i s pomalo sanjivim prizvukom koji ostavlja topao i o\u010daravaju\u0107i dojam.<\/p>\n","protected":false},"excerpt":{"rendered":"<p>Podsje\u0107a na La Belle Paradise Garden od Jean Paul Gaultier<\/p>\n","protected":false},"featured_media":15164,"comment_status":"open","ping_status":"closed","template":"","meta":[],"product_brand":[],"product_cat":[1302],"product_tag":[1434],"class_list":{"0":"post-5199","1":"product","2":"type-product","3":"status-publish","4":"has-post-thumbnail","6":"product_cat-jean-paul-gaultier","7":"product_tag-zene","9":"first","10":"instock","11":"shipping-taxable","12":"product-type-simple"},"_links":{"self":[{"href":"https:\/\/divainers.com\/sl\/wp-json\/wp\/v2\/product\/5199","targetHints":{"allow":["GET"]}}],"collection":[{"href":"https:\/\/divainers.com\/sl\/wp-json\/wp\/v2\/product"}],"about":[{"href":"https:\/\/divainers.com\/sl\/wp-json\/wp\/v2\/types\/product"}],"replies":[{"embeddable":true,"href":"https:\/\/divainers.com\/sl\/wp-json\/wp\/v2\/comments?post=5199"}],"wp:featuredmedia":[{"embeddable":true,"href":"https:\/\/divainers.com\/sl\/wp-json\/wp\/v2\/media\/15164"}],"wp:attachment":[{"href":"https:\/\/divainers.com\/sl\/wp-json\/wp\/v2\/media?parent=5199"}],"wp:term":[{"taxonomy":"product_brand","embeddable":true,"href":"https:\/\/divainers.com\/sl\/wp-json\/wp\/v2\/product_brand?post=5199"},{"taxonomy":"product_cat","embeddable":true,"href":"https:\/\/divainers.com\/sl\/wp-json\/wp\/v2\/product_cat?post=5199"},{"taxonomy":"product_tag","embeddable":true,"href":"https:\/\/divainers.com\/sl\/wp-json\/wp\/v2\/product_tag?post=5199"}],"curies":[{"name":"wp","href":"https:\/\/api.w.org\/{rel}","templated":true}]}}